{"id":2491,"date":"2020-10-21T12:36:48","date_gmt":"2020-10-21T12:36:48","guid":{"rendered":"https:\/\/www.cyframe.xyz\/category-resource-articles\/"},"modified":"2020-12-23T12:17:11","modified_gmt":"2020-12-23T12:17:11","slug":"category-resource-articles","status":"publish","type":"page","link":"https:\/\/www.cyframe.xyz\/fr\/category-resource-articles\/","title":{"rendered":"Articles Archives"},"content":{"rendered":"\t\t<div data-elementor-type=\"wp-page\" data-elementor-id=\"2491\" class=\"elementor elementor-2491 elementor-808\" data-elementor-post-type=\"page\">\n\t\t\t\t\t\t<section data-particle_enable=\"false\" data-particle-mobile-disabled=\"false\" class=\"elementor-section elementor-top-section elementor-element elementor-element-e6d59f5 elementor-section-boxed elementor-section-height-default elementor-section-height-default\" data-id=\"e6d59f5\" data-element_type=\"section\" data-settings=\"{&quot;background_background&quot;:&quot;classic&quot;}\">\n\t\t\t\t\t\t<div class=\"elementor-container elementor-column-gap-default\">\n\t\t\t\t\t<div class=\"elementor-column elementor-col-100 elementor-top-column elementor-element elementor-element-57d9419\" data-id=\"57d9419\" data-element_type=\"column\">\n\t\t\t<div class=\"elementor-widget-wrap elementor-element-populated\">\n\t\t\t\t\t\t<div class=\"elementor-element elementor-element-4303a1e elementor-widget elementor-widget-heading\" data-id=\"4303a1e\" data-element_type=\"widget\" data-widget_type=\"heading.default\">\n\t\t\t\t<div class=\"elementor-widget-container\">\n\t\t\t\t\t<h1 class=\"elementor-heading-title elementor-size-default\">Resources<\/h1>\t\t\t\t<\/div>\n\t\t\t\t<\/div>\n\t\t\t\t\t<\/div>\n\t\t<\/div>\n\t\t\t\t\t<\/div>\n\t\t<\/section>\n\t\t\t\t<section data-particle_enable=\"false\" data-particle-mobile-disabled=\"false\" class=\"elementor-section elementor-top-section elementor-element elementor-element-69d8ccb elementor-section-boxed elementor-section-height-default elementor-section-height-default\" data-id=\"69d8ccb\" data-element_type=\"section\">\n\t\t\t\t\t\t<div class=\"elementor-container elementor-column-gap-default\">\n\t\t\t\t\t<div class=\"elementor-column elementor-col-100 elementor-top-column elementor-element elementor-element-7803a60\" data-id=\"7803a60\" data-element_type=\"column\">\n\t\t\t<div class=\"elementor-widget-wrap elementor-element-populated\">\n\t\t\t\t\t\t<div class=\"elementor-element elementor-element-a28cea6 elementor-grid-3 elementor-grid-tablet-2 elementor-grid-mobile-1 elementor-posts--thumbnail-top elementor-card-shadow-yes elementor-posts__hover-gradient elementor-widget elementor-widget-posts\" data-id=\"a28cea6\" data-element_type=\"widget\" data-settings=\"{&quot;pagination_type&quot;:&quot;numbers&quot;,&quot;cards_columns&quot;:&quot;3&quot;,&quot;cards_columns_tablet&quot;:&quot;2&quot;,&quot;cards_columns_mobile&quot;:&quot;1&quot;,&quot;cards_row_gap&quot;:{&quot;unit&quot;:&quot;px&quot;,&quot;size&quot;:35,&quot;sizes&quot;:[]},&quot;cards_row_gap_tablet&quot;:{&quot;unit&quot;:&quot;px&quot;,&quot;size&quot;:&quot;&quot;,&quot;sizes&quot;:[]},&quot;cards_row_gap_mobile&quot;:{&quot;unit&quot;:&quot;px&quot;,&quot;size&quot;:&quot;&quot;,&quot;sizes&quot;:[]}}\" data-widget_type=\"posts.cards\">\n\t\t\t\t<div class=\"elementor-widget-container\">\n\t\t\t\t\t\t\t<div class=\"elementor-posts-container elementor-posts elementor-posts--skin-cards elementor-grid\">\n\t\t\t\t<article class=\"elementor-post elementor-grid-item post-7810 post type-post status-publish format-standard has-post-thumbnail hentry category-whitepapers-fr\">\n\t\t\t<div class=\"elementor-post__card\">\n\t\t\t\t<a class=\"elementor-post__thumbnail__link\" href=\"https:\/\/www.cyframe.xyz\/fr\/erp-solutions-for-the-plastics-industry\/\" ><div class=\"elementor-post__thumbnail\"><img decoding=\"async\" width=\"300\" height=\"155\" src=\"https:\/\/www.cyframe.xyz\/wp-content\/uploads\/2023\/08\/CF-2023-PropositonA-WP-Avec-la-solution-ERP-1-300x155.jpeg\" class=\"attachment-medium size-medium wp-image-7890\" alt=\"\" srcset=\"https:\/\/www.cyframe.xyz\/wp-content\/uploads\/2023\/08\/CF-2023-PropositonA-WP-Avec-la-solution-ERP-1-300x155.jpeg 300w, https:\/\/www.cyframe.xyz\/wp-content\/uploads\/2023\/08\/CF-2023-PropositonA-WP-Avec-la-solution-ERP-1-1024x529.jpeg 1024w, https:\/\/www.cyframe.xyz\/wp-content\/uploads\/2023\/08\/CF-2023-PropositonA-WP-Avec-la-solution-ERP-1-768x397.jpeg 768w, https:\/\/www.cyframe.xyz\/wp-content\/uploads\/2023\/08\/CF-2023-PropositonA-WP-Avec-la-solution-ERP-1.jpeg 1200w\" sizes=\"(max-width: 300px) 100vw, 300px\" \/><\/div><\/a>\n\t\t\t\t<div class=\"elementor-post__badge\">Livres Blancs<\/div>\n\t\t\t\t<div class=\"elementor-post__text\">\n\t\t\t\t<h3 class=\"elementor-post__title\">\n\t\t\t<a href=\"https:\/\/www.cyframe.xyz\/fr\/erp-solutions-for-the-plastics-industry\/\" >\n\t\t\t\tERP solutions for the Plastics Industry\t\t\t<\/a>\n\t\t<\/h3>\n\t\t\t\t<div class=\"elementor-post__excerpt\">\n\t\t\t<p>The most profitable decision for your Plastics Business is to leverage an ERP engineered for your Process Type Build business<\/p>\n\t\t<\/div>\n\t\t\n\t\t<a class=\"elementor-post__read-more\" href=\"https:\/\/www.cyframe.xyz\/fr\/erp-solutions-for-the-plastics-industry\/\" aria-label=\"Read more about ERP solutions for the Plastics Industry\" >\n\t\t\tCONTINUER LA LECTURE &gt;&gt;\t\t<\/a>\n\n\t\t\t\t<\/div>\n\t\t\t\t\t<\/div>\n\t\t<\/article>\n\t\t\t\t<article class=\"elementor-post elementor-grid-item post-7808 post type-post status-publish format-standard has-post-thumbnail hentry category-whitepapers-fr\">\n\t\t\t<div class=\"elementor-post__card\">\n\t\t\t\t<a class=\"elementor-post__thumbnail__link\" href=\"https:\/\/www.cyframe.xyz\/fr\/benefits-of-erp-designed-for-the-plastics-manufacturing-industry\/\" ><div class=\"elementor-post__thumbnail\"><img decoding=\"async\" width=\"300\" height=\"155\" src=\"https:\/\/www.cyframe.xyz\/wp-content\/uploads\/2023\/08\/CF-2023-PropositonA-WP-Resultat-de-la-mise-en-oeuvre-1-300x155.jpeg\" class=\"attachment-medium size-medium wp-image-7886\" alt=\"\" srcset=\"https:\/\/www.cyframe.xyz\/wp-content\/uploads\/2023\/08\/CF-2023-PropositonA-WP-Resultat-de-la-mise-en-oeuvre-1-300x155.jpeg 300w, https:\/\/www.cyframe.xyz\/wp-content\/uploads\/2023\/08\/CF-2023-PropositonA-WP-Resultat-de-la-mise-en-oeuvre-1-1024x529.jpeg 1024w, https:\/\/www.cyframe.xyz\/wp-content\/uploads\/2023\/08\/CF-2023-PropositonA-WP-Resultat-de-la-mise-en-oeuvre-1-768x397.jpeg 768w, https:\/\/www.cyframe.xyz\/wp-content\/uploads\/2023\/08\/CF-2023-PropositonA-WP-Resultat-de-la-mise-en-oeuvre-1.jpeg 1200w\" sizes=\"(max-width: 300px) 100vw, 300px\" \/><\/div><\/a>\n\t\t\t\t<div class=\"elementor-post__badge\">Livres Blancs<\/div>\n\t\t\t\t<div class=\"elementor-post__text\">\n\t\t\t\t<h3 class=\"elementor-post__title\">\n\t\t\t<a href=\"https:\/\/www.cyframe.xyz\/fr\/benefits-of-erp-designed-for-the-plastics-manufacturing-industry\/\" >\n\t\t\t\tBenefits of ERP designed for the plastics manufacturing industry\t\t\t<\/a>\n\t\t<\/h3>\n\t\t\t\t<div class=\"elementor-post__excerpt\">\n\t\t\t<p>The most profitable decision for your Plastics Business is to leverage an ERP engineered for your Process Type Build business<\/p>\n\t\t<\/div>\n\t\t\n\t\t<a class=\"elementor-post__read-more\" href=\"https:\/\/www.cyframe.xyz\/fr\/benefits-of-erp-designed-for-the-plastics-manufacturing-industry\/\" aria-label=\"Read more about Benefits of ERP designed for the plastics manufacturing industry\" >\n\t\t\tCONTINUER LA LECTURE &gt;&gt;\t\t<\/a>\n\n\t\t\t\t<\/div>\n\t\t\t\t\t<\/div>\n\t\t<\/article>\n\t\t\t\t<article class=\"elementor-post elementor-grid-item post-7379 post type-post status-publish format-standard has-post-thumbnail hentry category-articles-fr\">\n\t\t\t<div class=\"elementor-post__card\">\n\t\t\t\t<a class=\"elementor-post__thumbnail__link\" href=\"https:\/\/www.cyframe.xyz\/fr\/gestion-de-la-rentabilite-et-des-flux-de-tresorerie\/\" ><div class=\"elementor-post__thumbnail\"><img fetchpriority=\"high\" decoding=\"async\" width=\"300\" height=\"222\" src=\"https:\/\/www.cyframe.xyz\/wp-content\/uploads\/2022\/05\/Article-Costing-Part-3-en-fr-300x222.jpg\" class=\"attachment-medium size-medium wp-image-7381\" alt=\"\" srcset=\"https:\/\/www.cyframe.xyz\/wp-content\/uploads\/2022\/05\/Article-Costing-Part-3-en-fr-300x222.jpg 300w, https:\/\/www.cyframe.xyz\/wp-content\/uploads\/2022\/05\/Article-Costing-Part-3-en-fr.jpg 540w\" sizes=\"(max-width: 300px) 100vw, 300px\" \/><\/div><\/a>\n\t\t\t\t<div class=\"elementor-post__badge\">Articles<\/div>\n\t\t\t\t<div class=\"elementor-post__text\">\n\t\t\t\t<h3 class=\"elementor-post__title\">\n\t\t\t<a href=\"https:\/\/www.cyframe.xyz\/fr\/gestion-de-la-rentabilite-et-des-flux-de-tresorerie\/\" >\n\t\t\t\tGestion de la rentabilit\u00e9 et des flux de tr\u00e9sorerie\t\t\t<\/a>\n\t\t<\/h3>\n\t\t\t\t<div class=\"elementor-post__excerpt\">\n\t\t\t<p>Lisez le troisi\u00e8me de notre s\u00e9rie d&rsquo;articles sur le financement et le calcul des co\u00fbts.<\/p>\n\t\t<\/div>\n\t\t\n\t\t<a class=\"elementor-post__read-more\" href=\"https:\/\/www.cyframe.xyz\/fr\/gestion-de-la-rentabilite-et-des-flux-de-tresorerie\/\" aria-label=\"Read more about Gestion de la rentabilit\u00e9 et des flux de tr\u00e9sorerie\" >\n\t\t\tCONTINUER LA LECTURE &gt;&gt;\t\t<\/a>\n\n\t\t\t\t<\/div>\n\t\t\t\t\t<\/div>\n\t\t<\/article>\n\t\t\t\t<article class=\"elementor-post elementor-grid-item post-7308 post type-post status-publish format-standard has-post-thumbnail hentry category-case-studies-fr category-case-studies-es\">\n\t\t\t<div class=\"elementor-post__card\">\n\t\t\t\t<a class=\"elementor-post__thumbnail__link\" href=\"https:\/\/www.cyframe.xyz\/fr\/criser-obtient-un-avantage-concurrentiel-avec-lerp-de-cyframe\/\" ><div class=\"elementor-post__thumbnail\"><img loading=\"lazy\" decoding=\"async\" width=\"300\" height=\"222\" src=\"https:\/\/www.cyframe.xyz\/wp-content\/uploads\/2022\/03\/img-criser-01-300x222.jpg\" class=\"attachment-medium size-medium wp-image-7309\" alt=\"\" srcset=\"https:\/\/www.cyframe.xyz\/wp-content\/uploads\/2022\/03\/img-criser-01-300x222.jpg 300w, https:\/\/www.cyframe.xyz\/wp-content\/uploads\/2022\/03\/img-criser-01.jpg 540w\" sizes=\"(max-width: 300px) 100vw, 300px\" \/><\/div><\/a>\n\t\t\t\t<div class=\"elementor-post__badge\">Cas d&#039;\u00e9tudes<\/div>\n\t\t\t\t<div class=\"elementor-post__text\">\n\t\t\t\t<h3 class=\"elementor-post__title\">\n\t\t\t<a href=\"https:\/\/www.cyframe.xyz\/fr\/criser-obtient-un-avantage-concurrentiel-avec-lerp-de-cyframe\/\" >\n\t\t\t\tCriser obtient un avantage concurrentiel avec l\u2019ERP de CyFrame\t\t\t<\/a>\n\t\t<\/h3>\n\t\t\t\t<div class=\"elementor-post__excerpt\">\n\t\t\t<p>Criser produit des pi\u00e8ces sur mesure de plastique \u00e0 segment ondul\u00e9, en extrusion, surmoul\u00e9es, form\u00e9es, inject\u00e9es et thermomoul\u00e9es pour les grands appareils (90 \u00e0 92 %) et les secteurs de l\u2019automobile. Les exportations vers l\u2019Am\u00e9rique du Nord et du Sud repr\u00e9sentent jusqu\u2019\u00e0 45 % des ventes. L\u2019entreprise fonctionne cinq jours par semaine, 24 heures par jour. <\/p>\n\t\t<\/div>\n\t\t\n\t\t<a class=\"elementor-post__read-more\" href=\"https:\/\/www.cyframe.xyz\/fr\/criser-obtient-un-avantage-concurrentiel-avec-lerp-de-cyframe\/\" aria-label=\"Read more about Criser obtient un avantage concurrentiel avec l\u2019ERP de CyFrame\" >\n\t\t\tCONTINUER LA LECTURE &gt;&gt;\t\t<\/a>\n\n\t\t\t\t<\/div>\n\t\t\t\t\t<\/div>\n\t\t<\/article>\n\t\t\t\t<article class=\"elementor-post elementor-grid-item post-7186 post type-post status-publish format-standard has-post-thumbnail hentry category-case-studies-fr category-case-studies\">\n\t\t\t<div class=\"elementor-post__card\">\n\t\t\t\t<a class=\"elementor-post__thumbnail__link\" href=\"https:\/\/www.cyframe.xyz\/fr\/lerp-de-cyframe-neutralise-les-augmentations-de-resine-pour-les-usines-de-film-souffle-et-de-conversion\/\" ><div class=\"elementor-post__thumbnail\"><img loading=\"lazy\" decoding=\"async\" width=\"300\" height=\"222\" src=\"https:\/\/www.cyframe.xyz\/wp-content\/uploads\/2021\/05\/Article-Plastipak-CaseStudy-big-300x222.jpg\" class=\"attachment-medium size-medium wp-image-7188\" alt=\"\" srcset=\"https:\/\/www.cyframe.xyz\/wp-content\/uploads\/2021\/05\/Article-Plastipak-CaseStudy-big-300x222.jpg 300w, https:\/\/www.cyframe.xyz\/wp-content\/uploads\/2021\/05\/Article-Plastipak-CaseStudy-big.jpg 540w\" sizes=\"(max-width: 300px) 100vw, 300px\" \/><\/div><\/a>\n\t\t\t\t<div class=\"elementor-post__badge\">Cas d&#039;\u00e9tudes<\/div>\n\t\t\t\t<div class=\"elementor-post__text\">\n\t\t\t\t<h3 class=\"elementor-post__title\">\n\t\t\t<a href=\"https:\/\/www.cyframe.xyz\/fr\/lerp-de-cyframe-neutralise-les-augmentations-de-resine-pour-les-usines-de-film-souffle-et-de-conversion\/\" >\n\t\t\t\tL\u2019ERP de CyFrame neutralise les augmentations de r\u00e9sine pour les usines de film souffl\u00e9 et de conversion\t\t\t<\/a>\n\t\t<\/h3>\n\t\t\t\t<div class=\"elementor-post__excerpt\">\n\t\t\t<p>Publipak fabrique une vaste gamme de sacs, films et mat\u00e9riel d\u2019emballage<br \/>\npour les secteurs industriel, commercial, r\u00e9sidentiel et agricole. Les exportations, principalement vers les \u00c9tats-Unis, repr\u00e9sentent 60 % du total des ventes.<\/p>\n\t\t<\/div>\n\t\t\n\t\t<a class=\"elementor-post__read-more\" href=\"https:\/\/www.cyframe.xyz\/fr\/lerp-de-cyframe-neutralise-les-augmentations-de-resine-pour-les-usines-de-film-souffle-et-de-conversion\/\" aria-label=\"Read more about L\u2019ERP de CyFrame neutralise les augmentations de r\u00e9sine pour les usines de film souffl\u00e9 et de conversion\" >\n\t\t\tCONTINUER LA LECTURE &gt;&gt;\t\t<\/a>\n\n\t\t\t\t<\/div>\n\t\t\t\t\t<\/div>\n\t\t<\/article>\n\t\t\t\t<article class=\"elementor-post elementor-grid-item post-7157 post type-post status-publish format-standard hentry category-nouvelles\">\n\t\t\t<div class=\"elementor-post__card\">\n\t\t\t\t<div class=\"elementor-post__text\">\n\t\t\t\t<h3 class=\"elementor-post__title\">\n\t\t\t<a href=\"https:\/\/www.cyframe.xyz\/fr\/cyframe-in-the-news-3\/\" >\n\t\t\t\tCyFrame dans l\u2019actualit\u00e9\t\t\t<\/a>\n\t\t<\/h3>\n\t\t\t\t<div class=\"elementor-post__excerpt\">\n\t\t\t<p>Revue Plastics Today du 4 Mai 2021. Lisez le deuxi\u00e8me de notre s\u00e9rie d&rsquo;articles sur le financement et le calcul des co\u00fbts.<\/p>\n\t\t<\/div>\n\t\t\n\t\t<a class=\"elementor-post__read-more\" href=\"https:\/\/www.cyframe.xyz\/fr\/cyframe-in-the-news-3\/\" aria-label=\"Read more about CyFrame dans l\u2019actualit\u00e9\" >\n\t\t\tCONTINUER LA LECTURE &gt;&gt;\t\t<\/a>\n\n\t\t\t\t<\/div>\n\t\t\t\t\t<\/div>\n\t\t<\/article>\n\t\t\t\t<\/div>\n\t\t\n\t\t\t\t<div class=\"e-load-more-anchor\" data-page=\"1\" data-max-page=\"10\" data-next-page=\"https:\/\/www.cyframe.xyz\/fr\/wp-json\/wp\/v2\/pages\/2491\/page\/2\/\"><\/div>\n\t\t\t\t<nav class=\"elementor-pagination\" aria-label=\"Pagination\">\n\t\t\t<span aria-current=\"page\" class=\"page-numbers current\"><span class=\"elementor-screen-only\">Page<\/span>1<\/span>\n<a class=\"page-numbers\" href=\"https:\/\/www.cyframe.xyz\/fr\/wp-json\/wp\/v2\/pages\/2491\/page\/2\/\"><span class=\"elementor-screen-only\">Page<\/span>2<\/a>\n<a class=\"page-numbers\" href=\"https:\/\/www.cyframe.xyz\/fr\/wp-json\/wp\/v2\/pages\/2491\/page\/3\/\"><span class=\"elementor-screen-only\">Page<\/span>3<\/a>\n<a class=\"page-numbers\" href=\"https:\/\/www.cyframe.xyz\/fr\/wp-json\/wp\/v2\/pages\/2491\/page\/4\/\"><span class=\"elementor-screen-only\">Page<\/span>4<\/a>\n<a class=\"page-numbers\" href=\"https:\/\/www.cyframe.xyz\/fr\/wp-json\/wp\/v2\/pages\/2491\/page\/5\/\"><span class=\"elementor-screen-only\">Page<\/span>5<\/a>\n<a class=\"page-numbers\" href=\"https:\/\/www.cyframe.xyz\/fr\/wp-json\/wp\/v2\/pages\/2491\/page\/6\/\"><span class=\"elementor-screen-only\">Page<\/span>6<\/a>\n<a class=\"page-numbers\" href=\"https:\/\/www.cyframe.xyz\/fr\/wp-json\/wp\/v2\/pages\/2491\/page\/7\/\"><span class=\"elementor-screen-only\">Page<\/span>7<\/a>\n<a class=\"page-numbers\" href=\"https:\/\/www.cyframe.xyz\/fr\/wp-json\/wp\/v2\/pages\/2491\/page\/8\/\"><span class=\"elementor-screen-only\">Page<\/span>8<\/a>\n<a class=\"page-numbers\" href=\"https:\/\/www.cyframe.xyz\/fr\/wp-json\/wp\/v2\/pages\/2491\/page\/9\/\"><span class=\"elementor-screen-only\">Page<\/span>9<\/a>\n<a class=\"page-numbers\" href=\"https:\/\/www.cyframe.xyz\/fr\/wp-json\/wp\/v2\/pages\/2491\/page\/10\/\"><span class=\"elementor-screen-only\">Page<\/span>10<\/a>\t\t<\/nav>\n\t\t\t\t\t\t<\/div>\n\t\t\t\t<\/div>\n\t\t\t\t\t<\/div>\n\t\t<\/div>\n\t\t\t\t\t<\/div>\n\t\t<\/section>\n\t\t\t\t<\/div>\n\t\t","protected":false},"excerpt":{"rendered":"<p>Resources<\/p>\n","protected":false},"author":3,"featured_media":0,"parent":0,"menu_order":0,"comment_status":"closed","ping_status":"closed","template":"","meta":{"footnotes":""},"class_list":["post-2491","page","type-page","status-publish","hentry"],"_links":{"self":[{"href":"https:\/\/www.cyframe.xyz\/fr\/wp-json\/wp\/v2\/pages\/2491","targetHints":{"allow":["GET"]}}],"collection":[{"href":"https:\/\/www.cyframe.xyz\/fr\/wp-json\/wp\/v2\/pages"}],"about":[{"href":"https:\/\/www.cyframe.xyz\/fr\/wp-json\/wp\/v2\/types\/page"}],"author":[{"embeddable":true,"href":"https:\/\/www.cyframe.xyz\/fr\/wp-json\/wp\/v2\/users\/3"}],"replies":[{"embeddable":true,"href":"https:\/\/www.cyframe.xyz\/fr\/wp-json\/wp\/v2\/comments?post=2491"}],"version-history":[{"count":3,"href":"https:\/\/www.cyframe.xyz\/fr\/wp-json\/wp\/v2\/pages\/2491\/revisions"}],"predecessor-version":[{"id":4081,"href":"https:\/\/www.cyframe.xyz\/fr\/wp-json\/wp\/v2\/pages\/2491\/revisions\/4081"}],"wp:attachment":[{"href":"https:\/\/www.cyframe.xyz\/fr\/wp-json\/wp\/v2\/media?parent=2491"}],"curies":[{"name":"wp","href":"https:\/\/api.w.org\/{rel}","templated":true}]}}