{"id":2348,"date":"2020-10-16T10:00:40","date_gmt":"2020-10-16T10:00:40","guid":{"rendered":"https:\/\/www.cyframe.xyz\/core-erp-mes\/"},"modified":"2020-12-23T15:30:13","modified_gmt":"2020-12-23T15:30:13","slug":"solution-de-base-erp-mes","status":"publish","type":"page","link":"https:\/\/www.cyframe.xyz\/fr\/solution-de-base-erp-mes\/","title":{"rendered":"Solution de base ERP-MES"},"content":{"rendered":"\t\t<div data-elementor-type=\"wp-page\" data-elementor-id=\"2348\" class=\"elementor elementor-2348 elementor-346\" data-elementor-post-type=\"page\">\n\t\t\t\t\t\t<section data-particle_enable=\"false\" data-particle-mobile-disabled=\"false\" class=\"elementor-section elementor-top-section elementor-element elementor-element-e6d59f5 elementor-section-boxed elementor-section-height-default elementor-section-height-default\" data-id=\"e6d59f5\" data-element_type=\"section\" data-settings=\"{&quot;background_background&quot;:&quot;classic&quot;}\">\n\t\t\t\t\t\t<div class=\"elementor-container elementor-column-gap-default\">\n\t\t\t\t\t<div class=\"elementor-column elementor-col-100 elementor-top-column elementor-element elementor-element-57d9419\" data-id=\"57d9419\" data-element_type=\"column\">\n\t\t\t<div class=\"elementor-widget-wrap elementor-element-populated\">\n\t\t\t\t\t\t<div class=\"elementor-element elementor-element-4303a1e elementor-widget elementor-widget-heading\" data-id=\"4303a1e\" data-element_type=\"widget\" data-widget_type=\"heading.default\">\n\t\t\t\t<div class=\"elementor-widget-container\">\n\t\t\t\t\t<h1 class=\"elementor-heading-title elementor-size-default\">Solution de base ERP-MES<\/h1>\t\t\t\t<\/div>\n\t\t\t\t<\/div>\n\t\t\t\t\t<\/div>\n\t\t<\/div>\n\t\t\t\t\t<\/div>\n\t\t<\/section>\n\t\t\t\t<section data-particle_enable=\"false\" data-particle-mobile-disabled=\"false\" class=\"elementor-section elementor-top-section elementor-element elementor-element-8c3ec5a wrap_padding elementor-section-boxed elementor-section-height-default elementor-section-height-default\" data-id=\"8c3ec5a\" data-element_type=\"section\">\n\t\t\t\t\t\t<div class=\"elementor-container elementor-column-gap-default\">\n\t\t\t\t\t<div class=\"elementor-column elementor-col-100 elementor-top-column elementor-element elementor-element-1860f49\" data-id=\"1860f49\" data-element_type=\"column\">\n\t\t\t<div class=\"elementor-widget-wrap elementor-element-populated\">\n\t\t\t\t\t\t<div class=\"elementor-element elementor-element-5fcba19 elementor-widget elementor-widget-text-editor\" data-id=\"5fcba19\" data-element_type=\"widget\" data-widget_type=\"text-editor.default\">\n\t\t\t\t<div class=\"elementor-widget-container\">\n\t\t\t\t\t\t\t\t\t<h1 class=\"gold\">Les principaux avantages pour la moiti\u00e9 du temps et des co\u00fbts<\/h1>\n\t\t\t\t\t\t\t\t<\/div>\n\t\t\t\t<\/div>\n\t\t\t\t<div class=\"elementor-element elementor-element-a131e1f paragraf-400 udarno elementor-widget elementor-widget-text-editor\" data-id=\"a131e1f\" data-element_type=\"widget\" data-widget_type=\"text-editor.default\">\n\t\t\t\t<div class=\"elementor-widget-container\">\n\t\t\t\t\t\t\t\t\t<p class=\"center\" style=\"font-size: 24px;\">La solution de base ERM-MES de CyFrame est une fondation \u00e9prouv\u00e9e qui int\u00e8gre les pratiques exemplaires des transformateurs de mati\u00e8res plastiques et permet de structurer en quelques mois l\u2019ensemble des activit\u00e9s de leur organisation. Notre solution de base vise \u00e0 traiter les commandes des clients \u00e0 l\u2019interne depuis les ventes et \u00e0 surveiller les activit\u00e9s des commandes dans votre aire de production afin de respecter les d\u00e9lais de livraison et de produire des factures automatis\u00e9es. Notre objectif est d\u2019habiliter les transformateurs avec une solution \u00ab\u2009pr\u00eate \u00e0 l\u2019emploi\u2009\u00bb abordable et unique qui se rentabilise rapidement et qui fournit un canal pour la croissance et la rentabilit\u00e9.<\/p>\n\t\t\t\t\t\t\t\t<\/div>\n\t\t\t\t<\/div>\n\t\t\t\t\t<\/div>\n\t\t<\/div>\n\t\t\t\t\t<\/div>\n\t\t<\/section>\n\t\t\t\t<section data-particle_enable=\"false\" data-particle-mobile-disabled=\"false\" class=\"elementor-section elementor-top-section elementor-element elementor-element-ee00755 wrap_padding-top elementor-section-boxed elementor-section-height-default elementor-section-height-default\" data-id=\"ee00755\" data-element_type=\"section\" data-settings=\"{&quot;background_background&quot;:&quot;classic&quot;}\">\n\t\t\t\t\t\t<div class=\"elementor-container elementor-column-gap-default\">\n\t\t\t\t\t<div class=\"elementor-column elementor-col-100 elementor-top-column elementor-element elementor-element-236b9d2\" data-id=\"236b9d2\" data-element_type=\"column\">\n\t\t\t<div class=\"elementor-widget-wrap elementor-element-populated\">\n\t\t\t\t\t\t<div class=\"elementor-element elementor-element-2e29773 elementor-widget elementor-widget-text-editor\" data-id=\"2e29773\" data-element_type=\"widget\" data-widget_type=\"text-editor.default\">\n\t\t\t\t<div class=\"elementor-widget-container\">\n\t\t\t\t\t\t\t\t\t<h1 class=\"blue\">Les 3 principaux avantages de la solution de base ERP-MES<\/h1>\n\t\t\t\t\t\t\t\t<\/div>\n\t\t\t\t<\/div>\n\t\t\t\t\t<\/div>\n\t\t<\/div>\n\t\t\t\t\t<\/div>\n\t\t<\/section>\n\t\t\t\t<section data-particle_enable=\"false\" data-particle-mobile-disabled=\"false\" class=\"elementor-section elementor-top-section elementor-element elementor-element-f51d151 blow_molding-threeicons margin_left-o elementor-section-boxed elementor-section-height-default elementor-section-height-default\" data-id=\"f51d151\" data-element_type=\"section\" data-settings=\"{&quot;background_background&quot;:&quot;classic&quot;}\">\n\t\t\t\t\t\t<div class=\"elementor-container elementor-column-gap-default\">\n\t\t\t\t\t<div class=\"elementor-column elementor-col-33 elementor-top-column elementor-element elementor-element-ca603da\" data-id=\"ca603da\" data-element_type=\"column\">\n\t\t\t<div class=\"elementor-widget-wrap elementor-element-populated\">\n\t\t\t\t\t\t<div class=\"elementor-element elementor-element-901f275 osnovno-pe elementor-widget elementor-widget-text-editor\" data-id=\"901f275\" data-element_type=\"widget\" data-widget_type=\"text-editor.default\">\n\t\t\t\t<div class=\"elementor-widget-container\">\n\t\t\t\t\t\t\t\t\t<h3>Un d\u00e9ploiement rapide pour des r\u00e9sultats imm\u00e9diats<\/h3>\n<p>Les longs projets sont une source de frustrations et de co\u00fbts suppl\u00e9mentaires et souvent ils ne vont pas offrir les avantages escompt\u00e9s. Chez CyFrame, nous ne connaissons que la vitesse sup\u00e9rieure. L\u2019\u00e9lan et la mobilisation interne nous orientent vers les r\u00e9sultats recherch\u00e9s par les transformateurs de mati\u00e8res plastiques. Notre programme \u00ab\u2009Donner un \u00e9lan \u00e0 votre r\u00e9ussite\u2009\u00bb vous garantit d\u2019atteindre ces objectifs.\/p&gt;<\/p>\n\t\t\t\t\t\t\t\t<\/div>\n\t\t\t\t<\/div>\n\t\t\t\t\t<\/div>\n\t\t<\/div>\n\t\t\t\t<div class=\"elementor-column elementor-col-33 elementor-top-column elementor-element elementor-element-e30c83b\" data-id=\"e30c83b\" data-element_type=\"column\">\n\t\t\t<div class=\"elementor-widget-wrap elementor-element-populated\">\n\t\t\t\t\t\t<div class=\"elementor-element elementor-element-5d14be2 osnovno-pe elementor-widget elementor-widget-text-editor\" data-id=\"5d14be2\" data-element_type=\"widget\" data-widget_type=\"text-editor.default\">\n\t\t\t\t<div class=\"elementor-widget-container\">\n\t\t\t\t\t\t\t\t\t<h3>Une solution rentable pour les principaux types de processus<\/h3>\n<p>Chez CyFrame, nous savons ce qui rend les industries d\u2019extrusion de profil\u00e9s et de moulage par injection uniques. Notre solution tient compte des diff\u00e9rences, qui peuvent m\u00eame \u00eatre utilis\u00e9es dans une m\u00eame usine ou dans de multiples usines. Lorsqu\u2019un nouveau bon de commande est entr\u00e9, la rentabilit\u00e9 est v\u00e9rifi\u00e9e par rapport aux derni\u00e8res donn\u00e9es disponibles.<\/p>\n\t\t\t\t\t\t\t\t<\/div>\n\t\t\t\t<\/div>\n\t\t\t\t\t<\/div>\n\t\t<\/div>\n\t\t\t\t<div class=\"elementor-column elementor-col-33 elementor-top-column elementor-element elementor-element-de927fe\" data-id=\"de927fe\" data-element_type=\"column\">\n\t\t\t<div class=\"elementor-widget-wrap elementor-element-populated\">\n\t\t\t\t\t\t<div class=\"elementor-element elementor-element-0bb9178 osnovno-pe elementor-widget elementor-widget-text-editor\" data-id=\"0bb9178\" data-element_type=\"widget\" data-widget_type=\"text-editor.default\">\n\t\t\t\t<div class=\"elementor-widget-container\">\n\t\t\t\t\t\t\t\t\t<h3>Le module dont vous avez besoin aujourd\u2019hui et demain<\/h3>\n<p>La solution de base ERP-MES est utilis\u00e9e par tous les clients. Il n\u2019existe pas de version diff\u00e9rente. La solution de base comprend toutes les fonctions essentielles pour l\u2019exploitation de votre entreprise. Les clients qui choisissent la solution de base ERP-MES peuvent effectuer une mise \u00e0 niveau \u00e0 la version compl\u00e8te, ou simplement ajouter d\u2019autres modules en fonction de leurs besoins.<\/p>\n\t\t\t\t\t\t\t\t<\/div>\n\t\t\t\t<\/div>\n\t\t\t\t\t<\/div>\n\t\t<\/div>\n\t\t\t\t\t<\/div>\n\t\t<\/section>\n\t\t\t\t<section data-particle_enable=\"false\" data-particle-mobile-disabled=\"false\" class=\"elementor-section elementor-top-section elementor-element elementor-element-5727360 wrap_padding-bottom elementor-section-boxed elementor-section-height-default elementor-section-height-default\" data-id=\"5727360\" data-element_type=\"section\" data-settings=\"{&quot;background_background&quot;:&quot;classic&quot;}\">\n\t\t\t\t\t\t<div class=\"elementor-container elementor-column-gap-default\">\n\t\t\t\t\t<div class=\"elementor-column elementor-col-100 elementor-top-column elementor-element elementor-element-0e6240a\" data-id=\"0e6240a\" data-element_type=\"column\">\n\t\t\t<div class=\"elementor-widget-wrap elementor-element-populated\">\n\t\t\t\t\t\t<div class=\"elementor-element elementor-element-6def686 elementor-align-center gold-kopce elementor-widget elementor-widget-button\" data-id=\"6def686\" data-element_type=\"widget\" data-widget_type=\"button.default\">\n\t\t\t\t<div class=\"elementor-widget-container\">\n\t\t\t\t\t\t\t\t\t<div class=\"elementor-button-wrapper\">\n\t\t\t\t\t<a class=\"elementor-button elementor-button-link elementor-size-sm\" href=\"https:\/\/www.cyframe.xyz\/fr\/obtenez-une-presentation-gratuite\/\">\n\t\t\t\t\t\t<span class=\"elementor-button-content-wrapper\">\n\t\t\t\t\t\t\t\t\t<span class=\"elementor-button-text\">DEMANDER UNE PR\u00c9SENTATION GRATUITE<\/span>\n\t\t\t\t\t<\/span>\n\t\t\t\t\t<\/a>\n\t\t\t\t<\/div>\n\t\t\t\t\t\t\t\t<\/div>\n\t\t\t\t<\/div>\n\t\t\t\t\t<\/div>\n\t\t<\/div>\n\t\t\t\t\t<\/div>\n\t\t<\/section>\n\t\t\t\t<section data-particle_enable=\"false\" data-particle-mobile-disabled=\"false\" class=\"elementor-section elementor-top-section elementor-element elementor-element-9e3f8f8 wrap_padding elementor-section-boxed elementor-section-height-default elementor-section-height-default\" data-id=\"9e3f8f8\" data-element_type=\"section\">\n\t\t\t\t\t\t<div class=\"elementor-container elementor-column-gap-default\">\n\t\t\t\t\t<div class=\"elementor-column elementor-col-100 elementor-top-column elementor-element elementor-element-559869b\" data-id=\"559869b\" data-element_type=\"column\">\n\t\t\t<div class=\"elementor-widget-wrap elementor-element-populated\">\n\t\t\t\t\t\t<div class=\"elementor-element elementor-element-9b65523 elementor-widget elementor-widget-text-editor\" data-id=\"9b65523\" data-element_type=\"widget\" data-widget_type=\"text-editor.default\">\n\t\t\t\t<div class=\"elementor-widget-container\">\n\t\t\t\t\t\t\t\t\t<h1 class=\"blue\">Les fonctionnalit\u00e9s combin\u00e9es de l\u2019ERP et du MES<\/h1>\n\t\t\t\t\t\t\t\t<\/div>\n\t\t\t\t<\/div>\n\t\t\t\t<div class=\"elementor-element elementor-element-1071b3b osnovno-pe elementor-widget elementor-widget-text-editor\" data-id=\"1071b3b\" data-element_type=\"widget\" data-widget_type=\"text-editor.default\">\n\t\t\t\t<div class=\"elementor-widget-container\">\n\t\t\t\t\t\t\t\t\t<p>La solution de base ERP-MES comprend les modules des ventes, des achats, de l\u2019inventaire et de la distribution ainsi que l\u2019acquisition des donn\u00e9es de l\u2019aire de production cruciale pour exploiter une usine de fabrication de produits plastiques avec une solution abordable. Elle comprend \u00e9galement les modules de la facturation et des comptes d\u00e9biteurs qui sont \u00e9troitement int\u00e9gr\u00e9s et fournissent une interface \u00e0 votre comptabilit\u00e9 g\u00e9n\u00e9rale. Tous les IRC, les rapports sur les co\u00fbts et la rentabilit\u00e9 sont inclus.<\/p>\n\t\t\t\t\t\t\t\t<\/div>\n\t\t\t\t<\/div>\n\t\t\t\t<div class=\"elementor-element elementor-element-25e71e8 elementor-tabs-view-horizontal elementor-widget elementor-widget-tabs\" data-id=\"25e71e8\" data-element_type=\"widget\" id=\"tabs_core-erp-mess\" data-widget_type=\"tabs.default\">\n\t\t\t\t<div class=\"elementor-widget-container\">\n\t\t\t\t\t\t\t<div class=\"elementor-tabs\">\n\t\t\t<div class=\"elementor-tabs-wrapper\" role=\"tablist\" >\n\t\t\t\t\t\t\t\t\t<div id=\"elementor-tab-title-3971\" class=\"elementor-tab-title elementor-tab-desktop-title\" aria-selected=\"true\" data-tab=\"1\" role=\"tab\" tabindex=\"0\" aria-controls=\"elementor-tab-content-3971\" aria-expanded=\"false\">FONCTIONS DE L\u2019ERP<\/div>\n\t\t\t\t\t\t\t\t\t<div id=\"elementor-tab-title-3972\" class=\"elementor-tab-title elementor-tab-desktop-title\" aria-selected=\"false\" data-tab=\"2\" role=\"tab\" tabindex=\"-1\" aria-controls=\"elementor-tab-content-3972\" aria-expanded=\"false\">FONCTIONS DU MES<\/div>\n\t\t\t\t\t\t\t<\/div>\n\t\t\t<div class=\"elementor-tabs-content-wrapper\" role=\"tablist\" aria-orientation=\"vertical\">\n\t\t\t\t\t\t\t\t\t<div class=\"elementor-tab-title elementor-tab-mobile-title\" aria-selected=\"true\" data-tab=\"1\" role=\"tab\" tabindex=\"0\" aria-controls=\"elementor-tab-content-3971\" aria-expanded=\"false\">FONCTIONS DE L\u2019ERP<\/div>\n\t\t\t\t\t<div id=\"elementor-tab-content-3971\" class=\"elementor-tab-content elementor-clearfix\" data-tab=\"1\" role=\"tabpanel\" aria-labelledby=\"elementor-tab-title-3971\" tabindex=\"0\" hidden=\"false\"><img decoding=\"async\" src=\"\/wp-content\/uploads\/2020\/10\/WorkFlow_CORE_EPR_FR_V4.png\" alt=\"\" \/><\/div>\n\t\t\t\t\t\t\t\t\t<div class=\"elementor-tab-title elementor-tab-mobile-title\" aria-selected=\"false\" data-tab=\"2\" role=\"tab\" tabindex=\"-1\" aria-controls=\"elementor-tab-content-3972\" aria-expanded=\"false\">FONCTIONS DU MES<\/div>\n\t\t\t\t\t<div id=\"elementor-tab-content-3972\" class=\"elementor-tab-content elementor-clearfix\" data-tab=\"2\" role=\"tabpanel\" aria-labelledby=\"elementor-tab-title-3972\" tabindex=\"0\" hidden=\"hidden\"><img decoding=\"async\" src=\"https:\/\/www.cyframe.xyz\/wp-content\/uploads\/2020\/12\/WorkFlow_CORE_MES_FR_V4.png\" alt=\"\"  \/><\/div>\n\t\t\t\t\t\t\t<\/div>\n\t\t<\/div>\n\t\t\t\t\t\t<\/div>\n\t\t\t\t<\/div>\n\t\t\t\t\t<\/div>\n\t\t<\/div>\n\t\t\t\t\t<\/div>\n\t\t<\/section>\n\t\t\t\t<section data-particle_enable=\"false\" data-particle-mobile-disabled=\"false\" class=\"elementor-section elementor-top-section elementor-element elementor-element-a789571 wrap_padding elementor-section-boxed elementor-section-height-default elementor-section-height-default\" data-id=\"a789571\" data-element_type=\"section\" data-settings=\"{&quot;background_background&quot;:&quot;classic&quot;}\">\n\t\t\t\t\t\t<div class=\"elementor-container elementor-column-gap-default\">\n\t\t\t\t\t<div class=\"elementor-column elementor-col-100 elementor-top-column elementor-element elementor-element-d86a4a8\" data-id=\"d86a4a8\" data-element_type=\"column\">\n\t\t\t<div class=\"elementor-widget-wrap elementor-element-populated\">\n\t\t\t\t\t\t<div class=\"elementor-element elementor-element-9bfd461 elementor-widget elementor-widget-text-editor\" data-id=\"9bfd461\" data-element_type=\"widget\" data-widget_type=\"text-editor.default\">\n\t\t\t\t<div class=\"elementor-widget-container\">\n\t\t\t\t\t\t\t\t\t<h1 class=\"white\">La voie de votre succ\u00e8s futur<\/h1>\n\t\t\t\t\t\t\t\t<\/div>\n\t\t\t\t<\/div>\n\t\t\t\t<div class=\"elementor-element elementor-element-f77ae13 osnovno-pe elementor-widget elementor-widget-text-editor\" data-id=\"f77ae13\" data-element_type=\"widget\" data-widget_type=\"text-editor.default\">\n\t\t\t\t<div class=\"elementor-widget-container\">\n\t\t\t\t\t\t\t\t\t<p>CyFrame est enti\u00e8rement engag\u00e9 envers l\u2019industrie des plastiques en am\u00e9liorant notre solution ann\u00e9e apr\u00e8s ann\u00e9e. La solution de base ERP-MES est une innovation qui aidera plusieurs transformateurs de mati\u00e8res plastiques \u00e0 atteindre l\u2019excellence et \u00e0 baliser la voie vers la croissance. CyFrame est une soci\u00e9t\u00e9 de logiciels flexible qui cherche constamment \u00e0 d\u00e9velopper de nouvelles solutions en partenariat avec nos clients. Nous visons \u00e0 \u00e9tablir des relations \u00e0 long terme.<\/p>\n\t\t\t\t\t\t\t\t<\/div>\n\t\t\t\t<\/div>\n\t\t\t\t<div class=\"elementor-element elementor-element-ffe0288 elementor-align-center gold-kopce elementor-widget elementor-widget-button\" data-id=\"ffe0288\" data-element_type=\"widget\" data-widget_type=\"button.default\">\n\t\t\t\t<div class=\"elementor-widget-container\">\n\t\t\t\t\t\t\t\t\t<div class=\"elementor-button-wrapper\">\n\t\t\t\t\t<a class=\"elementor-button elementor-button-link elementor-size-sm\" href=\"https:\/\/www.cyframe.xyz\/fr\/contactez-nous\/\">\n\t\t\t\t\t\t<span class=\"elementor-button-content-wrapper\">\n\t\t\t\t\t\t\t\t\t<span class=\"elementor-button-text\">COMMUNIQUER AVEC NOUS POUR PLUS D\u2019INFORMATION SUR NOTRE SOLUTION DE BASE ERP-MES<\/span>\n\t\t\t\t\t<\/span>\n\t\t\t\t\t<\/a>\n\t\t\t\t<\/div>\n\t\t\t\t\t\t\t\t<\/div>\n\t\t\t\t<\/div>\n\t\t\t\t\t<\/div>\n\t\t<\/div>\n\t\t\t\t\t<\/div>\n\t\t<\/section>\n\t\t\t\t<section data-particle_enable=\"false\" data-particle-mobile-disabled=\"false\" class=\"elementor-section elementor-top-section elementor-element elementor-element-2705db8 wrap_padding-najdole elementor-section-boxed elementor-section-height-default elementor-section-height-default\" data-id=\"2705db8\" data-element_type=\"section\" data-settings=\"{&quot;background_background&quot;:&quot;classic&quot;}\">\n\t\t\t\t\t\t<div class=\"elementor-container elementor-column-gap-default\">\n\t\t\t\t\t<div class=\"elementor-column elementor-col-100 elementor-top-column elementor-element elementor-element-f5fb524\" data-id=\"f5fb524\" data-element_type=\"column\">\n\t\t\t<div class=\"elementor-widget-wrap elementor-element-populated\">\n\t\t\t\t\t\t<div class=\"elementor-element elementor-element-1dc3c59 elementor-widget elementor-widget-text-editor\" data-id=\"1dc3c59\" data-element_type=\"widget\" data-widget_type=\"text-editor.default\">\n\t\t\t\t<div class=\"elementor-widget-container\">\n\t\t\t\t\t\t\t\t\t<h1 class=\"gold\">Importantes ressources connexes<\/h1>\n\t\t\t\t\t\t\t\t<\/div>\n\t\t\t\t<\/div>\n\t\t\t\t\t<\/div>\n\t\t<\/div>\n\t\t\t\t\t<\/div>\n\t\t<\/section>\n\t\t\t\t<section data-particle_enable=\"false\" data-particle-mobile-disabled=\"false\" class=\"elementor-section elementor-top-section elementor-element elementor-element-bf7ae39 wrap_padding-bottom elementor-section-boxed elementor-section-height-default elementor-section-height-default\" data-id=\"bf7ae39\" data-element_type=\"section\" data-settings=\"{&quot;background_background&quot;:&quot;classic&quot;}\">\n\t\t\t\t\t\t<div class=\"elementor-container elementor-column-gap-default\">\n\t\t\t\t\t<div class=\"elementor-column elementor-col-50 elementor-top-column elementor-element elementor-element-73e591c\" data-id=\"73e591c\" data-element_type=\"column\">\n\t\t\t<div class=\"elementor-widget-wrap elementor-element-populated\">\n\t\t\t\t\t\t<div class=\"elementor-element elementor-element-e5afd65 zatemneti_fotki elementor-widget elementor-widget-text-editor\" data-id=\"e5afd65\" data-element_type=\"widget\" data-widget_type=\"text-editor.default\">\n\t\t\t\t<div class=\"elementor-widget-container\">\n\t\t\t\t\t\t\t\t\t<h5><a href=\"\/fr\/category\/ressources\/case-studies-fr\/\">Cas d&rsquo;\u00e9tudes,<\/a> <a href=\"\/fr\/category\/ressources\/\" rel=\"category tag\">Ressources<\/a><\/h5>\n<h3><a href=\"\/fr\/plastic-parts-remplacent-leur-erp\/\">Plastic Parts Remplacent Leur Erp<\/a><\/h3>\n<p><a href=\"\/fr\/plastic-parts-remplacent-leur-erp\/\"><button>En Savoir Plus<\/button><\/a><\/p>\n\t\t\t\t\t\t\t\t<\/div>\n\t\t\t\t<\/div>\n\t\t\t\t\t<\/div>\n\t\t<\/div>\n\t\t\t\t<div class=\"elementor-column elementor-col-50 elementor-top-column elementor-element elementor-element-e09a06e\" data-id=\"e09a06e\" data-element_type=\"column\">\n\t\t\t<div class=\"elementor-widget-wrap elementor-element-populated\">\n\t\t\t\t\t\t<div class=\"elementor-element elementor-element-dd125db zatemneti_fotki elementor-widget elementor-widget-text-editor\" data-id=\"dd125db\" data-element_type=\"widget\" data-widget_type=\"text-editor.default\">\n\t\t\t\t<div class=\"elementor-widget-container\">\n\t\t\t\t\t\t\t\t\t<h5><a href=\"\/fr\/category\/ressources\/case-studies-fr\/\">Cas d&rsquo;\u00e9tudes<\/a>, <a href=\"\/fr\/category\/ressources\/\" rel=\"category tag\">Ressources<\/a><\/h5>\n<h3><a href=\"\/fr\/martins-toys-et-proarce-ont-reduit-les-taches-administratives-les-temps-darret-et-les-configurations-des-machines-tout-en-ameliorant-leur-capacite-de-production\/\">Martin\u2019s Toys et Proarce ont r\u00e9duit les t\u00e2ches administratives, les temps d\u2019arr\u00eat et les configurations des machines tout en am\u00e9liorant leur capacit\u00e9 de production <\/a><\/h3>\n<p><a href=\"\/fr\/martins-toys-et-proarce-ont-reduit-les-taches-administratives-les-temps-darret-et-les-configurations-des-machines-tout-en-ameliorant-leur-capacite-de-production\/\"><button>En Savoir Plus<\/button><\/a><\/p>\n\t\t\t\t\t\t\t\t<\/div>\n\t\t\t\t<\/div>\n\t\t\t\t\t<\/div>\n\t\t<\/div>\n\t\t\t\t\t<\/div>\n\t\t<\/section>\n\t\t\t\t<\/div>\n\t\t","protected":false},"excerpt":{"rendered":"<p>Solution de base ERP-MES Les principaux avantages pour la moiti\u00e9 du temps et des co\u00fbts La solution de base ERM-MES de CyFrame est une fondation \u00e9prouv\u00e9e qui int\u00e8gre les pratiques exemplaires des transformateurs de mati\u00e8res plastiques et permet de structurer en quelques mois l\u2019ensemble des activit\u00e9s de leur organisation. Notre solution de base vise \u00e0 [&hellip;]<\/p>\n","protected":false},"author":3,"featured_media":0,"parent":0,"menu_order":0,"comment_status":"closed","ping_status":"closed","template":"","meta":{"footnotes":""},"class_list":["post-2348","page","type-page","status-publish","hentry"],"_links":{"self":[{"href":"https:\/\/www.cyframe.xyz\/fr\/wp-json\/wp\/v2\/pages\/2348","targetHints":{"allow":["GET"]}}],"collection":[{"href":"https:\/\/www.cyframe.xyz\/fr\/wp-json\/wp\/v2\/pages"}],"about":[{"href":"https:\/\/www.cyframe.xyz\/fr\/wp-json\/wp\/v2\/types\/page"}],"author":[{"embeddable":true,"href":"https:\/\/www.cyframe.xyz\/fr\/wp-json\/wp\/v2\/users\/3"}],"replies":[{"embeddable":true,"href":"https:\/\/www.cyframe.xyz\/fr\/wp-json\/wp\/v2\/comments?post=2348"}],"version-history":[{"count":17,"href":"https:\/\/www.cyframe.xyz\/fr\/wp-json\/wp\/v2\/pages\/2348\/revisions"}],"predecessor-version":[{"id":6552,"href":"https:\/\/www.cyframe.xyz\/fr\/wp-json\/wp\/v2\/pages\/2348\/revisions\/6552"}],"wp:attachment":[{"href":"https:\/\/www.cyframe.xyz\/fr\/wp-json\/wp\/v2\/media?parent=2348"}],"curies":[{"name":"wp","href":"https:\/\/api.w.org\/{rel}","templated":true}]}}