{"id":2492,"date":"2020-10-21T12:36:48","date_gmt":"2020-10-21T12:36:48","guid":{"rendered":"https:\/\/www.cyframe.xyz\/category-resource-articles\/"},"modified":"2020-12-23T12:17:16","modified_gmt":"2020-12-23T12:17:16","slug":"category-resource-articles","status":"publish","type":"page","link":"https:\/\/www.cyframe.xyz\/es\/category-resource-articles\/","title":{"rendered":"Articles Archives"},"content":{"rendered":"\t\t<div data-elementor-type=\"wp-page\" data-elementor-id=\"2492\" class=\"elementor elementor-2492 elementor-808\" data-elementor-post-type=\"page\">\n\t\t\t\t\t\t<section data-particle_enable=\"false\" data-particle-mobile-disabled=\"false\" class=\"elementor-section elementor-top-section elementor-element elementor-element-e6d59f5 elementor-section-boxed elementor-section-height-default elementor-section-height-default\" data-id=\"e6d59f5\" data-element_type=\"section\" data-settings=\"{&quot;background_background&quot;:&quot;classic&quot;}\">\n\t\t\t\t\t\t<div class=\"elementor-container elementor-column-gap-default\">\n\t\t\t\t\t<div class=\"elementor-column elementor-col-100 elementor-top-column elementor-element elementor-element-57d9419\" data-id=\"57d9419\" data-element_type=\"column\">\n\t\t\t<div class=\"elementor-widget-wrap elementor-element-populated\">\n\t\t\t\t\t\t<div class=\"elementor-element elementor-element-4303a1e elementor-widget elementor-widget-heading\" data-id=\"4303a1e\" data-element_type=\"widget\" data-widget_type=\"heading.default\">\n\t\t\t\t<div class=\"elementor-widget-container\">\n\t\t\t\t\t<h1 class=\"elementor-heading-title elementor-size-default\">Resources<\/h1>\t\t\t\t<\/div>\n\t\t\t\t<\/div>\n\t\t\t\t\t<\/div>\n\t\t<\/div>\n\t\t\t\t\t<\/div>\n\t\t<\/section>\n\t\t\t\t<section data-particle_enable=\"false\" data-particle-mobile-disabled=\"false\" class=\"elementor-section elementor-top-section elementor-element elementor-element-69d8ccb elementor-section-boxed elementor-section-height-default elementor-section-height-default\" data-id=\"69d8ccb\" data-element_type=\"section\">\n\t\t\t\t\t\t<div class=\"elementor-container elementor-column-gap-default\">\n\t\t\t\t\t<div class=\"elementor-column elementor-col-100 elementor-top-column elementor-element elementor-element-7803a60\" data-id=\"7803a60\" data-element_type=\"column\">\n\t\t\t<div class=\"elementor-widget-wrap elementor-element-populated\">\n\t\t\t\t\t\t<div class=\"elementor-element elementor-element-a28cea6 elementor-grid-3 elementor-grid-tablet-2 elementor-grid-mobile-1 elementor-posts--thumbnail-top elementor-card-shadow-yes elementor-posts__hover-gradient elementor-widget elementor-widget-posts\" data-id=\"a28cea6\" data-element_type=\"widget\" data-settings=\"{&quot;pagination_type&quot;:&quot;numbers&quot;,&quot;cards_columns&quot;:&quot;3&quot;,&quot;cards_columns_tablet&quot;:&quot;2&quot;,&quot;cards_columns_mobile&quot;:&quot;1&quot;,&quot;cards_row_gap&quot;:{&quot;unit&quot;:&quot;px&quot;,&quot;size&quot;:35,&quot;sizes&quot;:[]},&quot;cards_row_gap_tablet&quot;:{&quot;unit&quot;:&quot;px&quot;,&quot;size&quot;:&quot;&quot;,&quot;sizes&quot;:[]},&quot;cards_row_gap_mobile&quot;:{&quot;unit&quot;:&quot;px&quot;,&quot;size&quot;:&quot;&quot;,&quot;sizes&quot;:[]}}\" data-widget_type=\"posts.cards\">\n\t\t\t\t<div class=\"elementor-widget-container\">\n\t\t\t\t\t\t\t<div class=\"elementor-posts-container elementor-posts elementor-posts--skin-cards elementor-grid\">\n\t\t\t\t<article class=\"elementor-post elementor-grid-item post-7811 post type-post status-publish format-standard has-post-thumbnail hentry category-whitepapers-es\">\n\t\t\t<div class=\"elementor-post__card\">\n\t\t\t\t<a class=\"elementor-post__thumbnail__link\" href=\"https:\/\/www.cyframe.xyz\/es\/erp-solutions-for-the-plastics-industry\/\" ><div class=\"elementor-post__thumbnail\"><img decoding=\"async\" width=\"300\" height=\"155\" src=\"https:\/\/www.cyframe.xyz\/wp-content\/uploads\/2023\/08\/CF-2023-PropositonA-WP-Avec-la-solution-ERP-1-1-300x155.jpeg\" class=\"attachment-medium size-medium wp-image-7892\" alt=\"\" srcset=\"https:\/\/www.cyframe.xyz\/wp-content\/uploads\/2023\/08\/CF-2023-PropositonA-WP-Avec-la-solution-ERP-1-1-300x155.jpeg 300w, https:\/\/www.cyframe.xyz\/wp-content\/uploads\/2023\/08\/CF-2023-PropositonA-WP-Avec-la-solution-ERP-1-1-1024x529.jpeg 1024w, https:\/\/www.cyframe.xyz\/wp-content\/uploads\/2023\/08\/CF-2023-PropositonA-WP-Avec-la-solution-ERP-1-1-768x397.jpeg 768w, https:\/\/www.cyframe.xyz\/wp-content\/uploads\/2023\/08\/CF-2023-PropositonA-WP-Avec-la-solution-ERP-1-1.jpeg 1200w\" sizes=\"(max-width: 300px) 100vw, 300px\" \/><\/div><\/a>\n\t\t\t\t<div class=\"elementor-post__badge\">Libros Blancos<\/div>\n\t\t\t\t<div class=\"elementor-post__text\">\n\t\t\t\t<h3 class=\"elementor-post__title\">\n\t\t\t<a href=\"https:\/\/www.cyframe.xyz\/es\/erp-solutions-for-the-plastics-industry\/\" >\n\t\t\t\tERP solutions for the Plastics Industry\t\t\t<\/a>\n\t\t<\/h3>\n\t\t\t\t<div class=\"elementor-post__excerpt\">\n\t\t\t<p>The most profitable decision for your Plastics Business is to leverage an ERP engineered for your Process Type Build business<\/p>\n\t\t<\/div>\n\t\t\n\t\t<a class=\"elementor-post__read-more\" href=\"https:\/\/www.cyframe.xyz\/es\/erp-solutions-for-the-plastics-industry\/\" aria-label=\"Read more about ERP solutions for the Plastics Industry\" >\n\t\t\tCONTINUAR LEYENDO &gt;&gt;\t\t<\/a>\n\n\t\t\t\t<\/div>\n\t\t\t\t\t<\/div>\n\t\t<\/article>\n\t\t\t\t<article class=\"elementor-post elementor-grid-item post-7809 post type-post status-publish format-standard has-post-thumbnail hentry category-whitepapers-es\">\n\t\t\t<div class=\"elementor-post__card\">\n\t\t\t\t<a class=\"elementor-post__thumbnail__link\" href=\"https:\/\/www.cyframe.xyz\/es\/benefits-of-erp-designed-for-the-plastics-manufacturing-industry\/\" ><div class=\"elementor-post__thumbnail\"><img decoding=\"async\" width=\"300\" height=\"155\" src=\"https:\/\/www.cyframe.xyz\/wp-content\/uploads\/2023\/08\/CF-2023-PropositonA-WP-Resultat-de-la-mise-en-oeuvre-1-1-300x155.jpeg\" class=\"attachment-medium size-medium wp-image-7888\" alt=\"\" srcset=\"https:\/\/www.cyframe.xyz\/wp-content\/uploads\/2023\/08\/CF-2023-PropositonA-WP-Resultat-de-la-mise-en-oeuvre-1-1-300x155.jpeg 300w, https:\/\/www.cyframe.xyz\/wp-content\/uploads\/2023\/08\/CF-2023-PropositonA-WP-Resultat-de-la-mise-en-oeuvre-1-1-1024x529.jpeg 1024w, https:\/\/www.cyframe.xyz\/wp-content\/uploads\/2023\/08\/CF-2023-PropositonA-WP-Resultat-de-la-mise-en-oeuvre-1-1-768x397.jpeg 768w, https:\/\/www.cyframe.xyz\/wp-content\/uploads\/2023\/08\/CF-2023-PropositonA-WP-Resultat-de-la-mise-en-oeuvre-1-1.jpeg 1200w\" sizes=\"(max-width: 300px) 100vw, 300px\" \/><\/div><\/a>\n\t\t\t\t<div class=\"elementor-post__badge\">Libros Blancos<\/div>\n\t\t\t\t<div class=\"elementor-post__text\">\n\t\t\t\t<h3 class=\"elementor-post__title\">\n\t\t\t<a href=\"https:\/\/www.cyframe.xyz\/es\/benefits-of-erp-designed-for-the-plastics-manufacturing-industry\/\" >\n\t\t\t\tBenefits of ERP designed for the plastics manufacturing industry\t\t\t<\/a>\n\t\t<\/h3>\n\t\t\t\t<div class=\"elementor-post__excerpt\">\n\t\t\t<p>The most profitable decision for your Plastics Business is to leverage an ERP engineered for your Process Type Build business<\/p>\n\t\t<\/div>\n\t\t\n\t\t<a class=\"elementor-post__read-more\" href=\"https:\/\/www.cyframe.xyz\/es\/benefits-of-erp-designed-for-the-plastics-manufacturing-industry\/\" aria-label=\"Read more about Benefits of ERP designed for the plastics manufacturing industry\" >\n\t\t\tCONTINUAR LEYENDO &gt;&gt;\t\t<\/a>\n\n\t\t\t\t<\/div>\n\t\t\t\t\t<\/div>\n\t\t<\/article>\n\t\t\t\t<article class=\"elementor-post elementor-grid-item post-7417 post type-post status-publish format-standard has-post-thumbnail hentry category-articles-es\">\n\t\t\t<div class=\"elementor-post__card\">\n\t\t\t\t<a class=\"elementor-post__thumbnail__link\" href=\"https:\/\/www.cyframe.xyz\/es\/gestion-de-la-rentabilidad-y-el-flujo-de-caja\/\" ><div class=\"elementor-post__thumbnail\"><img fetchpriority=\"high\" decoding=\"async\" width=\"300\" height=\"222\" src=\"https:\/\/www.cyframe.xyz\/wp-content\/uploads\/2022\/05\/Article-Costing-Part-3-sp-300x222.jpg\" class=\"attachment-medium size-medium wp-image-7418\" alt=\"\" srcset=\"https:\/\/www.cyframe.xyz\/wp-content\/uploads\/2022\/05\/Article-Costing-Part-3-sp-300x222.jpg 300w, https:\/\/www.cyframe.xyz\/wp-content\/uploads\/2022\/05\/Article-Costing-Part-3-sp.jpg 540w\" sizes=\"(max-width: 300px) 100vw, 300px\" \/><\/div><\/a>\n\t\t\t\t<div class=\"elementor-post__badge\">art\u00edculos<\/div>\n\t\t\t\t<div class=\"elementor-post__text\">\n\t\t\t\t<h3 class=\"elementor-post__title\">\n\t\t\t<a href=\"https:\/\/www.cyframe.xyz\/es\/gestion-de-la-rentabilidad-y-el-flujo-de-caja\/\" >\n\t\t\t\tGesti\u00f3n de la rentabilidad y el flujo de caja\t\t\t<\/a>\n\t\t<\/h3>\n\t\t\t\t<div class=\"elementor-post__excerpt\">\n\t\t\t<p>Lea el tercero de nuestra serie de art\u00edculos sobre finanzas y costos.<\/p>\n\t\t<\/div>\n\t\t\n\t\t<a class=\"elementor-post__read-more\" href=\"https:\/\/www.cyframe.xyz\/es\/gestion-de-la-rentabilidad-y-el-flujo-de-caja\/\" aria-label=\"Read more about Gesti\u00f3n de la rentabilidad y el flujo de caja\" >\n\t\t\tCONTINUAR LEYENDO &gt;&gt;\t\t<\/a>\n\n\t\t\t\t<\/div>\n\t\t\t\t\t<\/div>\n\t\t<\/article>\n\t\t\t\t<article class=\"elementor-post elementor-grid-item post-7310 post type-post status-publish format-standard has-post-thumbnail hentry category-case-studies-es\">\n\t\t\t<div class=\"elementor-post__card\">\n\t\t\t\t<a class=\"elementor-post__thumbnail__link\" href=\"https:\/\/www.cyframe.xyz\/es\/el-erp-de-cyframe-le-asegura-una-ventaja-competitiva-a-criser\/\" ><div class=\"elementor-post__thumbnail\"><img loading=\"lazy\" decoding=\"async\" width=\"300\" height=\"222\" src=\"https:\/\/www.cyframe.xyz\/wp-content\/uploads\/2022\/03\/img-criser-01-300x222.jpg\" class=\"attachment-medium size-medium wp-image-7311\" alt=\"\" srcset=\"https:\/\/www.cyframe.xyz\/wp-content\/uploads\/2022\/03\/img-criser-01-300x222.jpg 300w, https:\/\/www.cyframe.xyz\/wp-content\/uploads\/2022\/03\/img-criser-01.jpg 540w\" sizes=\"(max-width: 300px) 100vw, 300px\" \/><\/div><\/a>\n\t\t\t\t<div class=\"elementor-post__badge\">Casos de Estudio<\/div>\n\t\t\t\t<div class=\"elementor-post__text\">\n\t\t\t\t<h3 class=\"elementor-post__title\">\n\t\t\t<a href=\"https:\/\/www.cyframe.xyz\/es\/el-erp-de-cyframe-le-asegura-una-ventaja-competitiva-a-criser\/\" >\n\t\t\t\tEl ERP de CyFrame le asegura una ventaja competitiva a Criser\t\t\t<\/a>\n\t\t<\/h3>\n\t\t\t\t<div class=\"elementor-post__excerpt\">\n\t\t\t<p>Criser produce piezas personalizadas mediante procesos de corrugados, extrusi\u00f3n, sobreinyecci\u00f3n, formado, decorado, ensamble, inyecci\u00f3n y termosoldado para electrodom\u00e9sticos (90 &#8211; 92%) y para el sector automotriz, con exportaciones a Norteam\u00e9rica y Suram\u00e9rica que representan hasta el 45% de sus ventas, y operando cinco d\u00edas a la semana, las 24 horas del d\u00eda.<\/p>\n\t\t<\/div>\n\t\t\n\t\t<a class=\"elementor-post__read-more\" href=\"https:\/\/www.cyframe.xyz\/es\/el-erp-de-cyframe-le-asegura-una-ventaja-competitiva-a-criser\/\" aria-label=\"Read more about El ERP de CyFrame le asegura una ventaja competitiva a Criser\" >\n\t\t\tCONTINUAR LEYENDO &gt;&gt;\t\t<\/a>\n\n\t\t\t\t<\/div>\n\t\t\t\t\t<\/div>\n\t\t<\/article>\n\t\t\t\t<article class=\"elementor-post elementor-grid-item post-7190 post type-post status-publish format-standard has-post-thumbnail hentry category-case-studies category-case-studies-es\">\n\t\t\t<div class=\"elementor-post__card\">\n\t\t\t\t<a class=\"elementor-post__thumbnail__link\" href=\"https:\/\/www.cyframe.xyz\/es\/gracias-al-erp-de-cyframe-publipak-logra-neutralizar-los-incrementos-en-el-costo-de-la-resina\/\" ><div class=\"elementor-post__thumbnail\"><img loading=\"lazy\" decoding=\"async\" width=\"300\" height=\"222\" src=\"https:\/\/www.cyframe.xyz\/wp-content\/uploads\/2021\/05\/Article-Plastipak-CaseStudy-big-300x222.jpg\" class=\"attachment-medium size-medium wp-image-7192\" alt=\"\" srcset=\"https:\/\/www.cyframe.xyz\/wp-content\/uploads\/2021\/05\/Article-Plastipak-CaseStudy-big-300x222.jpg 300w, https:\/\/www.cyframe.xyz\/wp-content\/uploads\/2021\/05\/Article-Plastipak-CaseStudy-big.jpg 540w\" sizes=\"(max-width: 300px) 100vw, 300px\" \/><\/div><\/a>\n\t\t\t\t<div class=\"elementor-post__badge\">Case Studies<\/div>\n\t\t\t\t<div class=\"elementor-post__text\">\n\t\t\t\t<h3 class=\"elementor-post__title\">\n\t\t\t<a href=\"https:\/\/www.cyframe.xyz\/es\/gracias-al-erp-de-cyframe-publipak-logra-neutralizar-los-incrementos-en-el-costo-de-la-resina\/\" >\n\t\t\t\tGracias al ERP de CyFrame, Publipak logra neutralizar los incrementos en el costo de la resina\t\t\t<\/a>\n\t\t<\/h3>\n\t\t\t\t<div class=\"elementor-post__excerpt\">\n\t\t\t<p>Publipak es una compa\u00f1\u00eda que produce una amplia gama de bolsas, pel\u00edculas y materiales de embalaje para el sector industrial, comercial, residencial y agr\u00edcola, cuyas exportaciones (principalmente a los Estados Unidos) representan el 60% de las ventas totales.<\/p>\n\t\t<\/div>\n\t\t\n\t\t<a class=\"elementor-post__read-more\" href=\"https:\/\/www.cyframe.xyz\/es\/gracias-al-erp-de-cyframe-publipak-logra-neutralizar-los-incrementos-en-el-costo-de-la-resina\/\" aria-label=\"Read more about Gracias al ERP de CyFrame, Publipak logra neutralizar los incrementos en el costo de la resina\" >\n\t\t\tCONTINUAR LEYENDO &gt;&gt;\t\t<\/a>\n\n\t\t\t\t<\/div>\n\t\t\t\t\t<\/div>\n\t\t<\/article>\n\t\t\t\t<article class=\"elementor-post elementor-grid-item post-7158 post type-post status-publish format-standard hentry category-noticias\">\n\t\t\t<div class=\"elementor-post__card\">\n\t\t\t\t<div class=\"elementor-post__text\">\n\t\t\t\t<h3 class=\"elementor-post__title\">\n\t\t\t<a href=\"https:\/\/www.cyframe.xyz\/es\/cyframe-in-the-news-3-2\/\" >\n\t\t\t\tCyframe en las noticias\t\t\t<\/a>\n\t\t<\/h3>\n\t\t\t\t<div class=\"elementor-post__excerpt\">\n\t\t\t<p>Plastics Today Magazine, 4 de mayo de 2021. Lea el segundo de nuestra serie de art\u00edculos sobre finanzas y costos.<\/p>\n\t\t<\/div>\n\t\t\n\t\t<a class=\"elementor-post__read-more\" href=\"https:\/\/www.cyframe.xyz\/es\/cyframe-in-the-news-3-2\/\" aria-label=\"Read more about Cyframe en las noticias\" >\n\t\t\tCONTINUAR LEYENDO &gt;&gt;\t\t<\/a>\n\n\t\t\t\t<\/div>\n\t\t\t\t\t<\/div>\n\t\t<\/article>\n\t\t\t\t<\/div>\n\t\t\n\t\t\t\t<div class=\"e-load-more-anchor\" data-page=\"1\" data-max-page=\"10\" data-next-page=\"https:\/\/www.cyframe.xyz\/es\/wp-json\/wp\/v2\/pages\/2492\/page\/2\/\"><\/div>\n\t\t\t\t<nav class=\"elementor-pagination\" aria-label=\"Paginaci\u00f3n\">\n\t\t\t<span aria-current=\"page\" class=\"page-numbers current\"><span class=\"elementor-screen-only\">P\u00e1gina<\/span>1<\/span>\n<a class=\"page-numbers\" href=\"https:\/\/www.cyframe.xyz\/es\/wp-json\/wp\/v2\/pages\/2492\/page\/2\/\"><span class=\"elementor-screen-only\">P\u00e1gina<\/span>2<\/a>\n<a class=\"page-numbers\" href=\"https:\/\/www.cyframe.xyz\/es\/wp-json\/wp\/v2\/pages\/2492\/page\/3\/\"><span class=\"elementor-screen-only\">P\u00e1gina<\/span>3<\/a>\n<a class=\"page-numbers\" href=\"https:\/\/www.cyframe.xyz\/es\/wp-json\/wp\/v2\/pages\/2492\/page\/4\/\"><span class=\"elementor-screen-only\">P\u00e1gina<\/span>4<\/a>\n<a class=\"page-numbers\" href=\"https:\/\/www.cyframe.xyz\/es\/wp-json\/wp\/v2\/pages\/2492\/page\/5\/\"><span class=\"elementor-screen-only\">P\u00e1gina<\/span>5<\/a>\n<a class=\"page-numbers\" href=\"https:\/\/www.cyframe.xyz\/es\/wp-json\/wp\/v2\/pages\/2492\/page\/6\/\"><span class=\"elementor-screen-only\">P\u00e1gina<\/span>6<\/a>\n<a class=\"page-numbers\" href=\"https:\/\/www.cyframe.xyz\/es\/wp-json\/wp\/v2\/pages\/2492\/page\/7\/\"><span class=\"elementor-screen-only\">P\u00e1gina<\/span>7<\/a>\n<a class=\"page-numbers\" href=\"https:\/\/www.cyframe.xyz\/es\/wp-json\/wp\/v2\/pages\/2492\/page\/8\/\"><span class=\"elementor-screen-only\">P\u00e1gina<\/span>8<\/a>\n<a class=\"page-numbers\" href=\"https:\/\/www.cyframe.xyz\/es\/wp-json\/wp\/v2\/pages\/2492\/page\/9\/\"><span class=\"elementor-screen-only\">P\u00e1gina<\/span>9<\/a>\n<a class=\"page-numbers\" href=\"https:\/\/www.cyframe.xyz\/es\/wp-json\/wp\/v2\/pages\/2492\/page\/10\/\"><span class=\"elementor-screen-only\">P\u00e1gina<\/span>10<\/a>\t\t<\/nav>\n\t\t\t\t\t\t<\/div>\n\t\t\t\t<\/div>\n\t\t\t\t\t<\/div>\n\t\t<\/div>\n\t\t\t\t\t<\/div>\n\t\t<\/section>\n\t\t\t\t<\/div>\n\t\t","protected":false},"excerpt":{"rendered":"<p>Resources<\/p>\n","protected":false},"author":3,"featured_media":0,"parent":0,"menu_order":0,"comment_status":"closed","ping_status":"closed","template":"","meta":{"footnotes":""},"class_list":["post-2492","page","type-page","status-publish","hentry"],"_links":{"self":[{"href":"https:\/\/www.cyframe.xyz\/es\/wp-json\/wp\/v2\/pages\/2492","targetHints":{"allow":["GET"]}}],"collection":[{"href":"https:\/\/www.cyframe.xyz\/es\/wp-json\/wp\/v2\/pages"}],"about":[{"href":"https:\/\/www.cyframe.xyz\/es\/wp-json\/wp\/v2\/types\/page"}],"author":[{"embeddable":true,"href":"https:\/\/www.cyframe.xyz\/es\/wp-json\/wp\/v2\/users\/3"}],"replies":[{"embeddable":true,"href":"https:\/\/www.cyframe.xyz\/es\/wp-json\/wp\/v2\/comments?post=2492"}],"version-history":[{"count":3,"href":"https:\/\/www.cyframe.xyz\/es\/wp-json\/wp\/v2\/pages\/2492\/revisions"}],"predecessor-version":[{"id":4082,"href":"https:\/\/www.cyframe.xyz\/es\/wp-json\/wp\/v2\/pages\/2492\/revisions\/4082"}],"wp:attachment":[{"href":"https:\/\/www.cyframe.xyz\/es\/wp-json\/wp\/v2\/media?parent=2492"}],"curies":[{"name":"wp","href":"https:\/\/api.w.org\/{rel}","templated":true}]}}