{"id":2349,"date":"2020-10-16T10:00:40","date_gmt":"2020-10-16T10:00:40","guid":{"rendered":"https:\/\/www.cyframe.xyz\/core-erp-mes\/"},"modified":"2020-12-21T17:52:56","modified_gmt":"2020-12-21T17:52:56","slug":"nucleo-erp-mes-2","status":"publish","type":"page","link":"https:\/\/www.cyframe.xyz\/es\/nucleo-erp-mes-2\/","title":{"rendered":"N\u00facleo ERP-MES"},"content":{"rendered":"\t\t<div data-elementor-type=\"wp-page\" data-elementor-id=\"2349\" class=\"elementor elementor-2349 elementor-346\" data-elementor-post-type=\"page\">\n\t\t\t\t\t\t<section data-particle_enable=\"false\" data-particle-mobile-disabled=\"false\" class=\"elementor-section elementor-top-section elementor-element elementor-element-e6d59f5 elementor-section-boxed elementor-section-height-default elementor-section-height-default\" data-id=\"e6d59f5\" data-element_type=\"section\" data-settings=\"{&quot;background_background&quot;:&quot;classic&quot;}\">\n\t\t\t\t\t\t<div class=\"elementor-container elementor-column-gap-default\">\n\t\t\t\t\t<div class=\"elementor-column elementor-col-100 elementor-top-column elementor-element elementor-element-57d9419\" data-id=\"57d9419\" data-element_type=\"column\">\n\t\t\t<div class=\"elementor-widget-wrap elementor-element-populated\">\n\t\t\t\t\t\t<div class=\"elementor-element elementor-element-4303a1e elementor-widget elementor-widget-heading\" data-id=\"4303a1e\" data-element_type=\"widget\" data-widget_type=\"heading.default\">\n\t\t\t\t<div class=\"elementor-widget-container\">\n\t\t\t\t\t<h1 class=\"elementor-heading-title elementor-size-default\">N\u00facleo ERP-MES<\/h1>\t\t\t\t<\/div>\n\t\t\t\t<\/div>\n\t\t\t\t\t<\/div>\n\t\t<\/div>\n\t\t\t\t\t<\/div>\n\t\t<\/section>\n\t\t\t\t<section data-particle_enable=\"false\" data-particle-mobile-disabled=\"false\" class=\"elementor-section elementor-top-section elementor-element elementor-element-8c3ec5a wrap_padding elementor-section-boxed elementor-section-height-default elementor-section-height-default\" data-id=\"8c3ec5a\" data-element_type=\"section\">\n\t\t\t\t\t\t<div class=\"elementor-container elementor-column-gap-default\">\n\t\t\t\t\t<div class=\"elementor-column elementor-col-100 elementor-top-column elementor-element elementor-element-1860f49\" data-id=\"1860f49\" data-element_type=\"column\">\n\t\t\t<div class=\"elementor-widget-wrap elementor-element-populated\">\n\t\t\t\t\t\t<div class=\"elementor-element elementor-element-5fcba19 elementor-widget elementor-widget-text-editor\" data-id=\"5fcba19\" data-element_type=\"widget\" data-widget_type=\"text-editor.default\">\n\t\t\t\t<div class=\"elementor-widget-container\">\n\t\t\t\t\t\t\t\t\t<h1 class=\"gold\">Los beneficios m\u00e1s importantes en la mitad del tiempo a la mitad del costo<\/h1>\n\t\t\t\t\t\t\t\t<\/div>\n\t\t\t\t<\/div>\n\t\t\t\t<div class=\"elementor-element elementor-element-a131e1f paragraf-400 udarno elementor-widget elementor-widget-text-editor\" data-id=\"a131e1f\" data-element_type=\"widget\" data-widget_type=\"text-editor.default\">\n\t\t\t\t<div class=\"elementor-widget-container\">\n\t\t\t\t\t\t\t\t\t<p class=\"center\" style=\"font-size:24px;\">El n\u00facleo ERP-MES de CyFrame, la s\u00f3lida base de nuestro sistema, utiliza las mejores pr\u00e1cticas para ayudar a los procesadores de pl\u00e1stico a estructurar sus operaciones a lo largo de toda la organizaci\u00f3n en apenas unos meses. Nuestra soluci\u00f3n se encarga de que las \u00f3rdenes de los clientes sean procesadas internamente desde el momento de la venta y hace el seguimiento de las actividades de las \u00f3rdenes de trabajo en la planta de producci\u00f3n para poder realizar env\u00edos a tiempo y emitir las facturas de manera autom\u00e1tica. Nuestro objetivo es proveerle a las empresas de procesamiento de pl\u00e1stico un sistema \u00fanico y asequible, listo para usar, que se amortiza r\u00e1pidamente y constituye el primer paso hacia el crecimiento rentable.<\/p>\n\t\t\t\t\t\t\t\t<\/div>\n\t\t\t\t<\/div>\n\t\t\t\t\t<\/div>\n\t\t<\/div>\n\t\t\t\t\t<\/div>\n\t\t<\/section>\n\t\t\t\t<section data-particle_enable=\"false\" data-particle-mobile-disabled=\"false\" class=\"elementor-section elementor-top-section elementor-element elementor-element-ee00755 wrap_padding-top elementor-section-boxed elementor-section-height-default elementor-section-height-default\" data-id=\"ee00755\" data-element_type=\"section\" data-settings=\"{&quot;background_background&quot;:&quot;classic&quot;}\">\n\t\t\t\t\t\t<div class=\"elementor-container elementor-column-gap-default\">\n\t\t\t\t\t<div class=\"elementor-column elementor-col-100 elementor-top-column elementor-element elementor-element-236b9d2\" data-id=\"236b9d2\" data-element_type=\"column\">\n\t\t\t<div class=\"elementor-widget-wrap elementor-element-populated\">\n\t\t\t\t\t\t<div class=\"elementor-element elementor-element-2e29773 elementor-widget elementor-widget-text-editor\" data-id=\"2e29773\" data-element_type=\"widget\" data-widget_type=\"text-editor.default\">\n\t\t\t\t<div class=\"elementor-widget-container\">\n\t\t\t\t\t\t\t\t\t<h1 class=\"blue\">Los 3 beneficios m\u00e1s importantes de la soluci\u00f3n ERP-MES<\/h1>\n\t\t\t\t\t\t\t\t<\/div>\n\t\t\t\t<\/div>\n\t\t\t\t\t<\/div>\n\t\t<\/div>\n\t\t\t\t\t<\/div>\n\t\t<\/section>\n\t\t\t\t<section data-particle_enable=\"false\" data-particle-mobile-disabled=\"false\" class=\"elementor-section elementor-top-section elementor-element elementor-element-f51d151 blow_molding-threeicons margin_left-o elementor-section-boxed elementor-section-height-default elementor-section-height-default\" data-id=\"f51d151\" data-element_type=\"section\" data-settings=\"{&quot;background_background&quot;:&quot;classic&quot;}\">\n\t\t\t\t\t\t<div class=\"elementor-container elementor-column-gap-default\">\n\t\t\t\t\t<div class=\"elementor-column elementor-col-33 elementor-top-column elementor-element elementor-element-ca603da\" data-id=\"ca603da\" data-element_type=\"column\">\n\t\t\t<div class=\"elementor-widget-wrap elementor-element-populated\">\n\t\t\t\t\t\t<div class=\"elementor-element elementor-element-901f275 osnovno-pe elementor-widget elementor-widget-text-editor\" data-id=\"901f275\" data-element_type=\"widget\" data-widget_type=\"text-editor.default\">\n\t\t\t\t<div class=\"elementor-widget-container\">\n\t\t\t\t\t\t\t\t\t<h3>Implementaci\u00f3n r\u00e1pida garantiza la obtenci\u00f3n de resultados r\u00e1pidamente<\/h3>\n<p>Los largos proyectos generan frustraciones, costos excesivos y, a menudo, no ofrecen los beneficios esperados. Por esta raz\u00f3n hemos dise\u00f1ado nuestro programa JumpStart con el que r\u00e1pidamente, y con la dedicaci\u00f3n de nuestro equipo de expertos podr\u00e1 obtener los resultados que desea.<\/p>\n\t\t\t\t\t\t\t\t<\/div>\n\t\t\t\t<\/div>\n\t\t\t\t\t<\/div>\n\t\t<\/div>\n\t\t\t\t<div class=\"elementor-column elementor-col-33 elementor-top-column elementor-element elementor-element-e30c83b\" data-id=\"e30c83b\" data-element_type=\"column\">\n\t\t\t<div class=\"elementor-widget-wrap elementor-element-populated\">\n\t\t\t\t\t\t<div class=\"elementor-element elementor-element-5d14be2 osnovno-pe elementor-widget elementor-widget-text-editor\" data-id=\"5d14be2\" data-element_type=\"widget\" data-widget_type=\"text-editor.default\">\n\t\t\t\t<div class=\"elementor-widget-container\">\n\t\t\t\t\t\t\t\t\t<h3>Una soluci\u00f3n rentable para todos los tipos de procesos principales<\/h3>\n<p>En CyFrame sabemos que una extrusora de perfiles es diferente de una m\u00e1quina de moldeo por inyecci\u00f3n. Nuestra soluci\u00f3n est\u00e1 dise\u00f1ada para manejar todas esas diferencias ya sea dentro de la misma planta o en varias plantas y adem\u00e1s de eso, cuando se ingresa una nueva orden de venta, se verifica la rentabilidad con base en los \u00faltimos datos disponibles.<\/p>\n\t\t\t\t\t\t\t\t<\/div>\n\t\t\t\t<\/div>\n\t\t\t\t\t<\/div>\n\t\t<\/div>\n\t\t\t\t<div class=\"elementor-column elementor-col-33 elementor-top-column elementor-element elementor-element-de927fe\" data-id=\"de927fe\" data-element_type=\"column\">\n\t\t\t<div class=\"elementor-widget-wrap elementor-element-populated\">\n\t\t\t\t\t\t<div class=\"elementor-element elementor-element-0bb9178 osnovno-pe elementor-widget elementor-widget-text-editor\" data-id=\"0bb9178\" data-element_type=\"widget\" data-widget_type=\"text-editor.default\">\n\t\t\t\t<div class=\"elementor-widget-container\">\n\t\t\t\t\t\t\t\t\t<h3>El m\u00f3dulo adecuado para sus necesidades actuales, pero con posibilidades de expansi\u00f3n<\/h3>\n<p>El n\u00facleo ERP-MES es lo que todos los clientes usan; no es una versi\u00f3n diferente. La ventaja es que incluye todas las funciones cr\u00edticas para la operaci\u00f3n de su empresa, pero ofrece la posibilidad actualizar a la versi\u00f3n completa o simplemente agregar otros m\u00f3dulos seg\u00fan sea necesario.<\/p>\n\t\t\t\t\t\t\t\t<\/div>\n\t\t\t\t<\/div>\n\t\t\t\t\t<\/div>\n\t\t<\/div>\n\t\t\t\t\t<\/div>\n\t\t<\/section>\n\t\t\t\t<section data-particle_enable=\"false\" data-particle-mobile-disabled=\"false\" class=\"elementor-section elementor-top-section elementor-element elementor-element-5727360 wrap_padding-bottom elementor-section-boxed elementor-section-height-default elementor-section-height-default\" data-id=\"5727360\" data-element_type=\"section\" data-settings=\"{&quot;background_background&quot;:&quot;classic&quot;}\">\n\t\t\t\t\t\t<div class=\"elementor-container elementor-column-gap-default\">\n\t\t\t\t\t<div class=\"elementor-column elementor-col-100 elementor-top-column elementor-element elementor-element-0e6240a\" data-id=\"0e6240a\" data-element_type=\"column\">\n\t\t\t<div class=\"elementor-widget-wrap elementor-element-populated\">\n\t\t\t\t\t\t<div class=\"elementor-element elementor-element-6def686 elementor-align-center gold-kopce elementor-widget elementor-widget-button\" data-id=\"6def686\" data-element_type=\"widget\" data-widget_type=\"button.default\">\n\t\t\t\t<div class=\"elementor-widget-container\">\n\t\t\t\t\t\t\t\t\t<div class=\"elementor-button-wrapper\">\n\t\t\t\t\t<a class=\"elementor-button elementor-button-link elementor-size-sm\" href=\"https:\/\/www.cyframe.xyz\/es\/obtenga-una-presentacion-gratuita\/\">\n\t\t\t\t\t\t<span class=\"elementor-button-content-wrapper\">\n\t\t\t\t\t\t\t\t\t<span class=\"elementor-button-text\">SOLICITE UNA PRESENTACI\u00d3N GRATUITA<\/span>\n\t\t\t\t\t<\/span>\n\t\t\t\t\t<\/a>\n\t\t\t\t<\/div>\n\t\t\t\t\t\t\t\t<\/div>\n\t\t\t\t<\/div>\n\t\t\t\t\t<\/div>\n\t\t<\/div>\n\t\t\t\t\t<\/div>\n\t\t<\/section>\n\t\t\t\t<section data-particle_enable=\"false\" data-particle-mobile-disabled=\"false\" class=\"elementor-section elementor-top-section elementor-element elementor-element-9e3f8f8 wrap_padding elementor-section-boxed elementor-section-height-default elementor-section-height-default\" data-id=\"9e3f8f8\" data-element_type=\"section\">\n\t\t\t\t\t\t<div class=\"elementor-container elementor-column-gap-default\">\n\t\t\t\t\t<div class=\"elementor-column elementor-col-100 elementor-top-column elementor-element elementor-element-559869b\" data-id=\"559869b\" data-element_type=\"column\">\n\t\t\t<div class=\"elementor-widget-wrap elementor-element-populated\">\n\t\t\t\t\t\t<div class=\"elementor-element elementor-element-9b65523 elementor-widget elementor-widget-text-editor\" data-id=\"9b65523\" data-element_type=\"widget\" data-widget_type=\"text-editor.default\">\n\t\t\t\t<div class=\"elementor-widget-container\">\n\t\t\t\t\t\t\t\t\t<h1 class=\"blue\">Las funcionalidades combinadas de ERP y MES<\/h3>\n\t\t\t\t\t\t\t\t<\/div>\n\t\t\t\t<\/div>\n\t\t\t\t<div class=\"elementor-element elementor-element-1071b3b osnovno-pe elementor-widget elementor-widget-text-editor\" data-id=\"1071b3b\" data-element_type=\"widget\" data-widget_type=\"text-editor.default\">\n\t\t\t\t<div class=\"elementor-widget-container\">\n\t\t\t\t\t\t\t\t\t<p>El N\u00facleo ERP-MES contiene los m\u00f3dulos de ventas, compras y distribuci\u00f3n de inventario, as\u00ed como de la adquisici\u00f3n de datos en el la planta de producci\u00f3n, lo que permite operar la fabricaci\u00f3n de pl\u00e1sticos usando una soluci\u00f3n asequible. Adem\u00e1s, incluye los m\u00f3dulos de facturaci\u00f3n y cuentas por cobrar altamente integrados y con una interfaz para el Gran Libro mayor, y se incluyen todos los indicadores de gesti\u00f3n (KPI), informes de costos y rentabilidad.<\/p>\n\t\t\t\t\t\t\t\t<\/div>\n\t\t\t\t<\/div>\n\t\t\t\t<div class=\"elementor-element elementor-element-25e71e8 elementor-tabs-view-horizontal elementor-widget elementor-widget-tabs\" data-id=\"25e71e8\" data-element_type=\"widget\" id=\"tabs_core-erp-mess\" data-widget_type=\"tabs.default\">\n\t\t\t\t<div class=\"elementor-widget-container\">\n\t\t\t\t\t\t\t<div class=\"elementor-tabs\">\n\t\t\t<div class=\"elementor-tabs-wrapper\" role=\"tablist\" >\n\t\t\t\t\t\t\t\t\t<div id=\"elementor-tab-title-3971\" class=\"elementor-tab-title elementor-tab-desktop-title\" aria-selected=\"true\" data-tab=\"1\" role=\"tab\" tabindex=\"0\" aria-controls=\"elementor-tab-content-3971\" aria-expanded=\"false\">FUNCIONES ERP<\/div>\n\t\t\t\t\t\t\t\t\t<div id=\"elementor-tab-title-3972\" class=\"elementor-tab-title elementor-tab-desktop-title\" aria-selected=\"false\" data-tab=\"2\" role=\"tab\" tabindex=\"-1\" aria-controls=\"elementor-tab-content-3972\" aria-expanded=\"false\">FUNCIONES MES<\/div>\n\t\t\t\t\t\t\t<\/div>\n\t\t\t<div class=\"elementor-tabs-content-wrapper\" role=\"tablist\" aria-orientation=\"vertical\">\n\t\t\t\t\t\t\t\t\t<div class=\"elementor-tab-title elementor-tab-mobile-title\" aria-selected=\"true\" data-tab=\"1\" role=\"tab\" tabindex=\"0\" aria-controls=\"elementor-tab-content-3971\" aria-expanded=\"false\">FUNCIONES ERP<\/div>\n\t\t\t\t\t<div id=\"elementor-tab-content-3971\" class=\"elementor-tab-content elementor-clearfix\" data-tab=\"1\" role=\"tabpanel\" aria-labelledby=\"elementor-tab-title-3971\" tabindex=\"0\" hidden=\"false\"><p><img decoding=\"async\" class=\"aligncenter\" src=\"\/wp-content\/uploads\/2020\/10\/WorkFlow_CORE_EPR_SP_V4.png\" alt=\"\" \/><\/p><\/div>\n\t\t\t\t\t\t\t\t\t<div class=\"elementor-tab-title elementor-tab-mobile-title\" aria-selected=\"false\" data-tab=\"2\" role=\"tab\" tabindex=\"-1\" aria-controls=\"elementor-tab-content-3972\" aria-expanded=\"false\">FUNCIONES MES<\/div>\n\t\t\t\t\t<div id=\"elementor-tab-content-3972\" class=\"elementor-tab-content elementor-clearfix\" data-tab=\"2\" role=\"tabpanel\" aria-labelledby=\"elementor-tab-title-3972\" tabindex=\"0\" hidden=\"hidden\"><p><img decoding=\"async\" class=\"aligncenter\" src=\"\/wp-content\/uploads\/2020\/12\/WorkFlow_CORE_MES_SP_V4.png\" alt=\"\" \/><\/p><\/div>\n\t\t\t\t\t\t\t<\/div>\n\t\t<\/div>\n\t\t\t\t\t\t<\/div>\n\t\t\t\t<\/div>\n\t\t\t\t\t<\/div>\n\t\t<\/div>\n\t\t\t\t\t<\/div>\n\t\t<\/section>\n\t\t\t\t<section data-particle_enable=\"false\" data-particle-mobile-disabled=\"false\" class=\"elementor-section elementor-top-section elementor-element elementor-element-a789571 wrap_padding elementor-section-boxed elementor-section-height-default elementor-section-height-default\" data-id=\"a789571\" data-element_type=\"section\" data-settings=\"{&quot;background_background&quot;:&quot;classic&quot;}\">\n\t\t\t\t\t\t<div class=\"elementor-container elementor-column-gap-default\">\n\t\t\t\t\t<div class=\"elementor-column elementor-col-100 elementor-top-column elementor-element elementor-element-d86a4a8\" data-id=\"d86a4a8\" data-element_type=\"column\">\n\t\t\t<div class=\"elementor-widget-wrap elementor-element-populated\">\n\t\t\t\t\t\t<div class=\"elementor-element elementor-element-9bfd461 elementor-widget elementor-widget-text-editor\" data-id=\"9bfd461\" data-element_type=\"widget\" data-widget_type=\"text-editor.default\">\n\t\t\t\t<div class=\"elementor-widget-container\">\n\t\t\t\t\t\t\t\t\t<h1 class=\"white\">Trazando el camino hacia el \u00e9xito<\/h1>\n\t\t\t\t\t\t\t\t<\/div>\n\t\t\t\t<\/div>\n\t\t\t\t<div class=\"elementor-element elementor-element-f77ae13 osnovno-pe elementor-widget elementor-widget-text-editor\" data-id=\"f77ae13\" data-element_type=\"widget\" data-widget_type=\"text-editor.default\">\n\t\t\t\t<div class=\"elementor-widget-container\">\n\t\t\t\t\t\t\t\t\t<p>En CyFrame nos hemos comprometido a mejorar nuestra soluci\u00f3n a\u00f1o tras a\u00f1o adapt\u00e1ndonos a las necesidades cambiantes de la industria del pl\u00e1stico. El n\u00facleo ERP-MES es una innovaci\u00f3n que ayudar\u00e1 a muchos de los procesadores que est\u00e1n comenzando a trazar el camino para alcanzar la excelencia y para su crecimiento. Dado que nuestro objetivo es construir relaciones solidas a largo plazo, somos altamente flexibles y estamos interesados en desarrollar nuevas soluciones trabajando en conjunto con nuestros clientes.<\/p>\n\t\t\t\t\t\t\t\t<\/div>\n\t\t\t\t<\/div>\n\t\t\t\t<div class=\"elementor-element elementor-element-ffe0288 elementor-align-center gold-kopce elementor-widget elementor-widget-button\" data-id=\"ffe0288\" data-element_type=\"widget\" data-widget_type=\"button.default\">\n\t\t\t\t<div class=\"elementor-widget-container\">\n\t\t\t\t\t\t\t\t\t<div class=\"elementor-button-wrapper\">\n\t\t\t\t\t<a class=\"elementor-button elementor-button-link elementor-size-sm\" href=\"https:\/\/www.cyframe.xyz\/es\/contactenos\/\">\n\t\t\t\t\t\t<span class=\"elementor-button-content-wrapper\">\n\t\t\t\t\t\t\t\t\t<span class=\"elementor-button-text\">CONT\u00c1CTENOS PARA M\u00c1S INFORMACI\u00d3N DE NUESTRA SOLUCI\u00d3N N\u00daCLEO ERP-MES<\/span>\n\t\t\t\t\t<\/span>\n\t\t\t\t\t<\/a>\n\t\t\t\t<\/div>\n\t\t\t\t\t\t\t\t<\/div>\n\t\t\t\t<\/div>\n\t\t\t\t\t<\/div>\n\t\t<\/div>\n\t\t\t\t\t<\/div>\n\t\t<\/section>\n\t\t\t\t<section data-particle_enable=\"false\" data-particle-mobile-disabled=\"false\" class=\"elementor-section elementor-top-section elementor-element elementor-element-2705db8 wrap_padding-najdole elementor-section-boxed elementor-section-height-default elementor-section-height-default\" data-id=\"2705db8\" data-element_type=\"section\" data-settings=\"{&quot;background_background&quot;:&quot;classic&quot;}\">\n\t\t\t\t\t\t<div class=\"elementor-container elementor-column-gap-default\">\n\t\t\t\t\t<div class=\"elementor-column elementor-col-100 elementor-top-column elementor-element elementor-element-f5fb524\" data-id=\"f5fb524\" data-element_type=\"column\">\n\t\t\t<div class=\"elementor-widget-wrap elementor-element-populated\">\n\t\t\t\t\t\t<div class=\"elementor-element elementor-element-1dc3c59 elementor-widget elementor-widget-text-editor\" data-id=\"1dc3c59\" data-element_type=\"widget\" data-widget_type=\"text-editor.default\">\n\t\t\t\t<div class=\"elementor-widget-container\">\n\t\t\t\t\t\t\t\t\t<h1 class=\"gold\">Recursos importantes relacionados<\/h1>\n\t\t\t\t\t\t\t\t<\/div>\n\t\t\t\t<\/div>\n\t\t\t\t\t<\/div>\n\t\t<\/div>\n\t\t\t\t\t<\/div>\n\t\t<\/section>\n\t\t\t\t<section data-particle_enable=\"false\" data-particle-mobile-disabled=\"false\" class=\"elementor-section elementor-top-section elementor-element elementor-element-bf7ae39 wrap_padding-bottom elementor-section-boxed elementor-section-height-default elementor-section-height-default\" data-id=\"bf7ae39\" data-element_type=\"section\" data-settings=\"{&quot;background_background&quot;:&quot;classic&quot;}\">\n\t\t\t\t\t\t<div class=\"elementor-container elementor-column-gap-default\">\n\t\t\t\t\t<div class=\"elementor-column elementor-col-50 elementor-top-column elementor-element elementor-element-73e591c\" data-id=\"73e591c\" data-element_type=\"column\">\n\t\t\t<div class=\"elementor-widget-wrap elementor-element-populated\">\n\t\t\t\t\t\t<div class=\"elementor-element elementor-element-e5afd65 zatemneti_fotki elementor-widget elementor-widget-text-editor\" data-id=\"e5afd65\" data-element_type=\"widget\" data-widget_type=\"text-editor.default\">\n\t\t\t\t<div class=\"elementor-widget-container\">\n\t\t\t\t\t\t\t\t\t<h5><a href=\"\/es\/category\/recursos\/case-studies-es\/\">Casos de Estudio,<\/a> <a href=\"\/es\/category\/recursos\/\" rel=\"category tag\">Recursos<\/a><\/h5>\n<h3><a href=\"\/es\/plastic-parts-reemplaza-erp\/\"> Plastic Parts Reemplaza Erp <\/a><\/h3>\n<a href=\"\/es\/plastic-parts-reemplaza-erp\/\"><button> Leer M\u00e1s <\/button><\/a>\t\t\t\t\t\t\t\t<\/div>\n\t\t\t\t<\/div>\n\t\t\t\t\t<\/div>\n\t\t<\/div>\n\t\t\t\t<div class=\"elementor-column elementor-col-50 elementor-top-column elementor-element elementor-element-e09a06e\" data-id=\"e09a06e\" data-element_type=\"column\">\n\t\t\t<div class=\"elementor-widget-wrap elementor-element-populated\">\n\t\t\t\t\t\t<div class=\"elementor-element elementor-element-dd125db zatemneti_fotki elementor-widget elementor-widget-text-editor\" data-id=\"dd125db\" data-element_type=\"widget\" data-widget_type=\"text-editor.default\">\n\t\t\t\t<div class=\"elementor-widget-container\">\n\t\t\t\t\t\t\t\t\t<h5><a href=\"\/es\/category\/recursos\/case-studies-es\/\">Casos de Estudio,<\/a> <a href=\"\/es\/category\/recursos\/\" rel=\"category tag\">Recursos<\/a><\/h5>\n<h3><a href=\"\/es\/el-crecimiento-de-su-negocio-mejor-administrado-con-el-erp-de-cyframe\/\"> El Crecimiento de su Negocio Mejor Administrado \u2013 Con el ERP de CyFrame <\/a><\/h3>\n<a href=\"\/es\/el-crecimiento-de-su-negocio-mejor-administrado-con-el-erp-de-cyframe\/\"><button> Leer M\u00e1s <\/button><\/a>\t\t\t\t\t\t\t\t<\/div>\n\t\t\t\t<\/div>\n\t\t\t\t\t<\/div>\n\t\t<\/div>\n\t\t\t\t\t<\/div>\n\t\t<\/section>\n\t\t\t\t<\/div>\n\t\t","protected":false},"excerpt":{"rendered":"<p>N\u00facleo ERP-MES Los beneficios m\u00e1s importantes en la mitad del tiempo a la mitad del costo El n\u00facleo ERP-MES de CyFrame, la s\u00f3lida base de nuestro sistema, utiliza las mejores pr\u00e1cticas para ayudar a los procesadores de pl\u00e1stico a estructurar sus operaciones a lo largo de toda la organizaci\u00f3n en apenas unos meses. Nuestra soluci\u00f3n [&hellip;]<\/p>\n","protected":false},"author":3,"featured_media":0,"parent":0,"menu_order":0,"comment_status":"closed","ping_status":"closed","template":"","meta":{"footnotes":""},"class_list":["post-2349","page","type-page","status-publish","hentry"],"_links":{"self":[{"href":"https:\/\/www.cyframe.xyz\/es\/wp-json\/wp\/v2\/pages\/2349","targetHints":{"allow":["GET"]}}],"collection":[{"href":"https:\/\/www.cyframe.xyz\/es\/wp-json\/wp\/v2\/pages"}],"about":[{"href":"https:\/\/www.cyframe.xyz\/es\/wp-json\/wp\/v2\/types\/page"}],"author":[{"embeddable":true,"href":"https:\/\/www.cyframe.xyz\/es\/wp-json\/wp\/v2\/users\/3"}],"replies":[{"embeddable":true,"href":"https:\/\/www.cyframe.xyz\/es\/wp-json\/wp\/v2\/comments?post=2349"}],"version-history":[{"count":12,"href":"https:\/\/www.cyframe.xyz\/es\/wp-json\/wp\/v2\/pages\/2349\/revisions"}],"predecessor-version":[{"id":6391,"href":"https:\/\/www.cyframe.xyz\/es\/wp-json\/wp\/v2\/pages\/2349\/revisions\/6391"}],"wp:attachment":[{"href":"https:\/\/www.cyframe.xyz\/es\/wp-json\/wp\/v2\/media?parent=2349"}],"curies":[{"name":"wp","href":"https:\/\/api.w.org\/{rel}","templated":true}]}}