{"id":1741,"date":"2020-10-17T13:03:57","date_gmt":"2020-10-17T13:03:57","guid":{"rendered":"https:\/\/www.cyframe.xyz\/about-us\/about-us-careers\/"},"modified":"2021-01-12T14:44:34","modified_gmt":"2021-01-12T14:44:34","slug":"trabaje-con-nosotros","status":"publish","type":"page","link":"https:\/\/www.cyframe.xyz\/es\/acerca-de-nosotros\/trabaje-con-nosotros\/","title":{"rendered":"Trabaje con Nosotros"},"content":{"rendered":"\t\t<div data-elementor-type=\"wp-page\" data-elementor-id=\"1741\" class=\"elementor elementor-1741 elementor-437\" data-elementor-post-type=\"page\">\n\t\t\t\t\t\t<section data-particle_enable=\"false\" data-particle-mobile-disabled=\"false\" class=\"elementor-section elementor-top-section elementor-element elementor-element-1b96584 elementor-section-boxed elementor-section-height-default elementor-section-height-default\" data-id=\"1b96584\" data-element_type=\"section\" data-settings=\"{&quot;background_background&quot;:&quot;classic&quot;}\">\n\t\t\t\t\t\t<div class=\"elementor-container elementor-column-gap-default\">\n\t\t\t\t\t<div class=\"elementor-column elementor-col-100 elementor-top-column elementor-element elementor-element-dd221e4\" data-id=\"dd221e4\" data-element_type=\"column\">\n\t\t\t<div class=\"elementor-widget-wrap elementor-element-populated\">\n\t\t\t\t\t\t<div class=\"elementor-element elementor-element-31a3cb8 title-center elementor-widget elementor-widget-heading\" data-id=\"31a3cb8\" data-element_type=\"widget\" data-widget_type=\"heading.default\">\n\t\t\t\t<div class=\"elementor-widget-container\">\n\t\t\t\t\t<h1 class=\"elementor-heading-title elementor-size-default\">Trabaje con Nosotros<\/h1>\t\t\t\t<\/div>\n\t\t\t\t<\/div>\n\t\t\t\t\t<\/div>\n\t\t<\/div>\n\t\t\t\t\t<\/div>\n\t\t<\/section>\n\t\t\t\t<section data-particle_enable=\"false\" data-particle-mobile-disabled=\"false\" class=\"elementor-section elementor-top-section elementor-element elementor-element-5a869cd wrap_padding elementor-section-boxed elementor-section-height-default elementor-section-height-default\" data-id=\"5a869cd\" data-element_type=\"section\">\n\t\t\t\t\t\t<div class=\"elementor-container elementor-column-gap-default\">\n\t\t\t\t\t<div class=\"elementor-column elementor-col-66 elementor-top-column elementor-element elementor-element-879fa3f wrap_padding-specific\" data-id=\"879fa3f\" data-element_type=\"column\">\n\t\t\t<div class=\"elementor-widget-wrap elementor-element-populated\">\n\t\t\t\t\t\t<div class=\"elementor-element elementor-element-cfeee9d osnovno-pe elementor-widget elementor-widget-text-editor\" data-id=\"cfeee9d\" data-element_type=\"widget\" data-widget_type=\"text-editor.default\">\n\t\t\t\t<div class=\"elementor-widget-container\">\n\t\t\t\t\t\t\t\t\t<h1 class=\"gold\" style=\"text-align: left;\">\u00bfEs usted brillante y con grandes habilidades? \u00a1CyFrame busca gente como usted!<\/h1>\n<p>CyFrame, una empresa rentable en constante crecimiento que es l\u00edder en su campo, le brinda a cada uno de los miembros de su equipo oportunidades para contribuir, dar valor agregado y ser parte de una organizaci\u00f3n galardonada y en r\u00e1pida expansi\u00f3n.<\/p>\n<h3 class=\"careers-strong-h3-klasa\">Ofrecemos salarios competitivos y una amplia gama de beneficios.<\/h3>\n\t\t\t\t\t\t\t\t<\/div>\n\t\t\t\t<\/div>\n\t\t\t\t<div class=\"elementor-element elementor-element-68930ac free_presentation-text careers-klasa osnovno-pe elementor-widget elementor-widget-text-editor\" data-id=\"68930ac\" data-element_type=\"widget\" data-widget_type=\"text-editor.default\">\n\t\t\t\t<div class=\"elementor-widget-container\">\n\t\t\t\t\t\t\t\t\t<h3> Programadores <\/h3>\n<ul class=\"nabr-kocka\">\n<li>T\u00edtulo t\u00e9cnico o universitario en TI<\/li>\n<li>Experiencia en Microsoft ASP, Oracle, PL SQL, JavaScript<\/li>\n<li>Biling\u00fce (ingl\u00e9s\/franc\u00e9s), con excelentes habilidades de comunicaci\u00f3n<\/li>\n<li>Orientaci\u00f3n a resultados<\/li>\n<li>Experiencia en desarrollo web altamente deseable<\/li>\n<\/ul>\n<h3>ERP Implementation Specialists<\/h3>\n<ul class=\"nabr-kocka\">\n<li>Minimum 2 years experience with ERP related project management<\/li>\n<li>Hands on individual with excellent business application knowledge<\/li>\n<li>Bilingual, with excellent communication skills<\/li>\n<li>Results oriented with strong management skills<\/li>\n<li>Ready to travel<\/li>\n<\/ul>\n<h3>Customer Service Representatives<\/h3>\n<ul class=\"nabr-kocka\">\n<li>Technical or university degree in IT<\/li>\n<li>Excellent time management and communication skills<\/li>\n<li>Bilingual, with above average listening and communication skills<\/li>\n<li>Minimum 2 years&#8217; experience with enterprise systems or related<\/li>\n<li>We offer competitive salaries, a full range of benefits and an excellent<\/li>\n<li>opportunity to add value, contribute and be part of a rapidly expanding and award-winning organization.<\/li>\n<\/ul>\n\t\t\t\t\t\t\t\t<\/div>\n\t\t\t\t<\/div>\n\t\t\t\t\t<\/div>\n\t\t<\/div>\n\t\t\t\t<div class=\"elementor-column elementor-col-33 elementor-top-column elementor-element elementor-element-8ec4c2a gfrorm_holder-r\" data-id=\"8ec4c2a\" data-element_type=\"column\" id=\"careers\" data-settings=\"{&quot;background_background&quot;:&quot;classic&quot;}\">\n\t\t\t<div class=\"elementor-widget-wrap elementor-element-populated\">\n\t\t\t\t\t\t<div class=\"elementor-element elementor-element-626d3e9 elementor-widget elementor-widget-shortcode\" data-id=\"626d3e9\" data-element_type=\"widget\" data-widget_type=\"shortcode.default\">\n\t\t\t\t<div class=\"elementor-widget-container\">\n\t\t\t\t\t\t\t<div class=\"elementor-shortcode\"><script type=\"text\/javascript\">var gform;gform||(document.addEventListener(\"gform_main_scripts_loaded\",function(){gform.scriptsLoaded=!0}),window.addEventListener(\"DOMContentLoaded\",function(){gform.domLoaded=!0}),gform={domLoaded:!1,scriptsLoaded:!1,initializeOnLoaded:function(o){gform.domLoaded&&gform.scriptsLoaded?o():!gform.domLoaded&&gform.scriptsLoaded?window.addEventListener(\"DOMContentLoaded\",o):document.addEventListener(\"gform_main_scripts_loaded\",o)},hooks:{action:{},filter:{}},addAction:function(o,n,r,t){gform.addHook(\"action\",o,n,r,t)},addFilter:function(o,n,r,t){gform.addHook(\"filter\",o,n,r,t)},doAction:function(o){gform.doHook(\"action\",o,arguments)},applyFilters:function(o){return gform.doHook(\"filter\",o,arguments)},removeAction:function(o,n){gform.removeHook(\"action\",o,n)},removeFilter:function(o,n,r){gform.removeHook(\"filter\",o,n,r)},addHook:function(o,n,r,t,i){null==gform.hooks[o][n]&&(gform.hooks[o][n]=[]);var e=gform.hooks[o][n];null==i&&(i=n+\"_\"+e.length),gform.hooks[o][n].push({tag:i,callable:r,priority:t=null==t?10:t})},doHook:function(n,o,r){var t;if(r=Array.prototype.slice.call(r,1),null!=gform.hooks[n][o]&&((o=gform.hooks[n][o]).sort(function(o,n){return o.priority-n.priority}),o.forEach(function(o){\"function\"!=typeof(t=o.callable)&&(t=window[t]),\"action\"==n?t.apply(null,r):r[0]=t.apply(null,r)})),\"filter\"==n)return r[0]},removeHook:function(o,n,t,i){var r;null!=gform.hooks[o][n]&&(r=(r=gform.hooks[o][n]).filter(function(o,n,r){return!!(null!=i&&i!=o.tag||null!=t&&t!=o.priority)}),gform.hooks[o][n]=r)}});<\/script>\n                <div class='gf_browser_gecko gform_wrapper gform_legacy_markup_wrapper gform-theme--no-framework gform_style1_wrapper' data-form-theme='legacy' data-form-index='0' id='gform_wrapper_3' ><div id='gf_3' class='gform_anchor' tabindex='-1'><\/div>\n                        <div class='gform_heading'>\n                            <h3 class=\"gform_title\">ENV\u00cdANOS TU CV<\/h3>\n                            <p class='gform_description'>Los campos marcados con asterisco son obligatorios. Solo se aceptan direcciones de correo electr\u00f3nico comerciales.\n<\/p>\n                        <\/div><form method='post' enctype='multipart\/form-data' target='gform_ajax_frame_3' id='gform_3' class='gform_style1' action='\/es\/wp-json\/wp\/v2\/pages\/1741#gf_3' data-formid='3' >\n                        <div class='gform-body gform_body'><ul id='gform_fields_3' class='gform_fields top_label form_sublabel_below description_below'><li id=\"field_3_1\"  class=\"gfield gfield--type-text gfield_contains_required field_sublabel_below gfield--no-description field_description_below gfield_visibility_visible\"  data-js-reload=\"field_3_1\"><label class='gfield_label gform-field-label' for='input_3_1' >NOMBRE DE PILA<span class=\"gfield_required\"><span class=\"gfield_required gfield_required_asterisk\">*<\/span><\/span><\/label><div class='ginput_container ginput_container_text'><input name='input_1' id='input_3_1' type='text' value='' class='large'    placeholder='NOMBRE DE PILA' aria-required=\"true\" aria-invalid=\"false\"   \/> <\/div><\/li><li id=\"field_3_8\"  class=\"gfield gfield--type-text gfield_contains_required field_sublabel_below gfield--no-description field_description_below gfield_visibility_visible\"  data-js-reload=\"field_3_8\"><label class='gfield_label gform-field-label' for='input_3_8' >APELLIDO<span class=\"gfield_required\"><span class=\"gfield_required gfield_required_asterisk\">*<\/span><\/span><\/label><div class='ginput_container ginput_container_text'><input name='input_8' id='input_3_8' type='text' value='' class='large'    placeholder='APELLIDO' aria-required=\"true\" aria-invalid=\"false\"   \/> <\/div><\/li><li id=\"field_3_4\"  class=\"gfield gfield--type-text gfield_contains_required field_sublabel_below gfield--no-description field_description_below gfield_visibility_visible\"  data-js-reload=\"field_3_4\"><label class='gfield_label gform-field-label' for='input_3_4' >EMAIL<span class=\"gfield_required\"><span class=\"gfield_required gfield_required_asterisk\">*<\/span><\/span><\/label><div class='ginput_container ginput_container_text'><input name='input_4' id='input_3_4' type='text' value='' class='large'    placeholder='EMAIL *' aria-required=\"true\" aria-invalid=\"false\"   \/> <\/div><\/li><li id=\"field_3_9\"  class=\"gfield gfield--type-select gfield_contains_required field_sublabel_below gfield--no-description field_description_below gfield_visibility_visible\"  data-js-reload=\"field_3_9\"><label class='gfield_label gform-field-label' for='input_3_9' >POSICI\u00d3N<span class=\"gfield_required\"><span class=\"gfield_required gfield_required_asterisk\">*<\/span><\/span><\/label><div class='ginput_container ginput_container_select'><select name='input_9' id='input_3_9' class='large gfield_select'    aria-required=\"true\" aria-invalid=\"false\" ><option value='' selected='selected' class='gf_placeholder'>SELECCIONAR POSICION<\/option><option value='Marketing Manager' >Marketing Manager<\/option><option value='Programmer' >Programmer<\/option><option value='ERP Implementation Specialist' >ERP Implementation Specialist<\/option><option value='Customer Service Representative' >Customer Service Representative<\/option><\/select><\/div><\/li><li id=\"field_3_5\"  class=\"gfield gfield--type-textarea field_sublabel_below gfield--no-description field_description_below gfield_visibility_visible\"  data-js-reload=\"field_3_5\"><label class='gfield_label gform-field-label' for='input_3_5' >CARTA DE PRESENTACI\u00d3N<\/label><div class='ginput_container ginput_container_textarea'><textarea name='input_5' id='input_3_5' class='textarea large'    placeholder='CARTA DE PRESENTACI\u00d3N'  aria-invalid=\"false\"   rows='10' cols='50'><\/textarea><\/div><\/li><li id=\"field_3_7\"  class=\"gfield gfield--type-fileupload display gfield_contains_required field_sublabel_below gfield--has-description field_description_below gfield_visibility_visible\"  data-js-reload=\"field_3_7\"><label class='gfield_label gform-field-label' for='input_3_7' >SUBE TU CV (PDF \/ DOC \/ DOCX)<span class=\"gfield_required\"><span class=\"gfield_required gfield_required_asterisk\">*<\/span><\/span><\/label><div class='ginput_container ginput_container_fileupload'><input type='hidden' name='MAX_FILE_SIZE' value='536870912' \/><input name='input_7' id='input_3_7' type='file' class='medium' aria-describedby=\"gfield_upload_rules_3_7 gfield_description_3_7\" onchange='javascript:gformValidateFileSize( this, 536870912 );'  \/><span class='gfield_description gform_fileupload_rules' id='gfield_upload_rules_3_7'>Tipos de archivos aceptados: pdf, doc, docx, Tama\u00f1o m\u00e1ximo de archivo: 512 MB.<\/span><div class='gfield_description validation_message gfield_validation_message validation_message--hidden-on-empty' id='live_validation_message_3_7'><\/div><\/div><div class='gfield_description' id='gfield_description_3_7'>Having difficulty sending us your CV? Please contact hr@cyframe.xyz<\/div><\/li><li id=\"field_3_6\"  class=\"gfield gfield--type-captcha field_sublabel_below gfield--no-description field_description_below gfield_visibility_visible\"  data-js-reload=\"field_3_6\"><label class='gfield_label gform-field-label' for='input_3_6' >CAPTCHA<\/label><div id='input_3_6' class='ginput_container ginput_recaptcha' data-sitekey='6Lelb9EnAAAAADsYeYhppAkxPPxj8JOqCTMp39xQ'  data-theme='light' data-tabindex='0'  data-badge=''><\/div><\/li><li id=\"field_3_10\"  class=\"gfield gfield--type-honeypot gform_validation_container field_sublabel_below gfield--has-description field_description_below gfield_visibility_visible\"  data-js-reload=\"field_3_10\"><label class='gfield_label gform-field-label' for='input_3_10' >Phone<\/label><div class='ginput_container'><input name='input_10' id='input_3_10' type='text' value='' \/><\/div><div class='gfield_description' id='gfield_description_3_10'>Este campo es un campo de validaci\u00f3n y debe quedar sin cambios.<\/div><\/li><\/ul><\/div>\n        <div class='gform_footer top_label'> <input type='submit' id='gform_submit_button_3' class='gform_button button' value='ENVIAR'  onclick='if(window[\"gf_submitting_3\"]){return false;}  window[\"gf_submitting_3\"]=true;  ' onkeypress='if( event.keyCode == 13 ){ if(window[\"gf_submitting_3\"]){return false;} window[\"gf_submitting_3\"]=true;  jQuery(\"#gform_3\").trigger(\"submit\",[true]); }' \/> <input type='hidden' name='gform_ajax' value='form_id=3&amp;title=1&amp;description=1&amp;tabindex=0' \/>\n            <input type='hidden' class='gform_hidden' name='is_submit_3' value='1' \/>\n            <input type='hidden' class='gform_hidden' name='gform_submit' value='3' \/>\n            \n            <input type='hidden' class='gform_hidden' name='gform_unique_id' value='' \/>\n            <input type='hidden' class='gform_hidden' name='state_3' value='WyJbXSIsImZiZGJjYWI4M2QzODJiZWQ5OGU5NjM4YzI0ZjY5OTQzIl0=' \/>\n            <input type='hidden' class='gform_hidden' name='gform_target_page_number_3' id='gform_target_page_number_3' value='0' \/>\n            <input type='hidden' class='gform_hidden' name='gform_source_page_number_3' id='gform_source_page_number_3' value='1' \/>\n            <input type='hidden' name='gform_field_values' value='' \/>\n            \n        <\/div>\n                        <p style=\"display: none !important;\" class=\"akismet-fields-container\" data-prefix=\"ak_\"><label>&#916;<textarea name=\"ak_hp_textarea\" cols=\"45\" rows=\"8\" maxlength=\"100\"><\/textarea><\/label><input type=\"hidden\" id=\"ak_js_1\" name=\"ak_js\" value=\"13\"\/><script>document.getElementById( \"ak_js_1\" ).setAttribute( \"value\", ( new Date() ).getTime() );<\/script><\/p><\/form>\n                        <\/div>\n\t\t                <iframe style='display:none;width:0px;height:0px;' src='about:blank' name='gform_ajax_frame_3' id='gform_ajax_frame_3' title='Este iframe contiene la l\u00f3gica necesaria para gestionar formularios con ajax activado.'><\/iframe>\n\t\t                <script>\ngform.initializeOnLoaded( function() {gformInitSpinner( 3, 'https:\/\/www.cyframe.xyz\/wp-content\/plugins\/gravityforms\/images\/spinner.svg', true );jQuery('#gform_ajax_frame_3').on('load',function(){var contents = jQuery(this).contents().find('*').html();var is_postback = contents.indexOf('GF_AJAX_POSTBACK') >= 0;if(!is_postback){return;}var form_content = jQuery(this).contents().find('#gform_wrapper_3');var is_confirmation = jQuery(this).contents().find('#gform_confirmation_wrapper_3').length > 0;var is_redirect = contents.indexOf('gformRedirect(){') >= 0;var is_form = form_content.length > 0 && ! is_redirect && ! is_confirmation;var mt = parseInt(jQuery('html').css('margin-top'), 10) + parseInt(jQuery('body').css('margin-top'), 10) + 100;if(is_form){jQuery('#gform_wrapper_3').html(form_content.html());if(form_content.hasClass('gform_validation_error')){jQuery('#gform_wrapper_3').addClass('gform_validation_error');} else {jQuery('#gform_wrapper_3').removeClass('gform_validation_error');}setTimeout( function() { \/* delay the scroll by 50 milliseconds to fix a bug in chrome *\/ jQuery(document).scrollTop(jQuery('#gform_wrapper_3').offset().top - mt); }, 50 );if(window['gformInitDatepicker']) {gformInitDatepicker();}if(window['gformInitPriceFields']) {gformInitPriceFields();}var current_page = jQuery('#gform_source_page_number_3').val();gformInitSpinner( 3, 'https:\/\/www.cyframe.xyz\/wp-content\/plugins\/gravityforms\/images\/spinner.svg', true );jQuery(document).trigger('gform_page_loaded', [3, current_page]);window['gf_submitting_3'] = false;}else if(!is_redirect){var confirmation_content = jQuery(this).contents().find('.GF_AJAX_POSTBACK').html();if(!confirmation_content){confirmation_content = contents;}setTimeout(function(){jQuery('#gform_wrapper_3').replaceWith(confirmation_content);jQuery(document).scrollTop(jQuery('#gf_3').offset().top - mt);jQuery(document).trigger('gform_confirmation_loaded', [3]);window['gf_submitting_3'] = false;wp.a11y.speak(jQuery('#gform_confirmation_message_3').text());}, 50);}else{jQuery('#gform_3').append(contents);if(window['gformRedirect']) {gformRedirect();}}jQuery(document).trigger('gform_post_render', [3, current_page]);gform.utils.trigger({ event: 'gform\/postRender', native: false, data: { formId: 3, currentPage: current_page } });} );} );\n<\/script>\n<\/div>\n\t\t\t\t\t\t<\/div>\n\t\t\t\t<\/div>\n\t\t\t\t\t<\/div>\n\t\t<\/div>\n\t\t\t\t\t<\/div>\n\t\t<\/section>\n\t\t\t\t<\/div>\n\t\t","protected":false},"excerpt":{"rendered":"<p>Trabaje con Nosotros \u00bfEs usted brillante y con grandes habilidades? \u00a1CyFrame busca gente como usted! CyFrame, una empresa rentable en constante crecimiento que es l\u00edder en su campo, le brinda a cada uno de los miembros de su equipo oportunidades para contribuir, dar valor agregado y ser parte de una organizaci\u00f3n galardonada y en r\u00e1pida [&hellip;]<\/p>\n","protected":false},"author":3,"featured_media":1742,"parent":1714,"menu_order":0,"comment_status":"closed","ping_status":"closed","template":"","meta":{"footnotes":""},"class_list":["post-1741","page","type-page","status-publish","has-post-thumbnail","hentry"],"_links":{"self":[{"href":"https:\/\/www.cyframe.xyz\/es\/wp-json\/wp\/v2\/pages\/1741","targetHints":{"allow":["GET"]}}],"collection":[{"href":"https:\/\/www.cyframe.xyz\/es\/wp-json\/wp\/v2\/pages"}],"about":[{"href":"https:\/\/www.cyframe.xyz\/es\/wp-json\/wp\/v2\/types\/page"}],"author":[{"embeddable":true,"href":"https:\/\/www.cyframe.xyz\/es\/wp-json\/wp\/v2\/users\/3"}],"replies":[{"embeddable":true,"href":"https:\/\/www.cyframe.xyz\/es\/wp-json\/wp\/v2\/comments?post=1741"}],"version-history":[{"count":10,"href":"https:\/\/www.cyframe.xyz\/es\/wp-json\/wp\/v2\/pages\/1741\/revisions"}],"predecessor-version":[{"id":6782,"href":"https:\/\/www.cyframe.xyz\/es\/wp-json\/wp\/v2\/pages\/1741\/revisions\/6782"}],"up":[{"embeddable":true,"href":"https:\/\/www.cyframe.xyz\/es\/wp-json\/wp\/v2\/pages\/1714"}],"wp:featuredmedia":[{"embeddable":true,"href":"https:\/\/www.cyframe.xyz\/es\/wp-json\/wp\/v2\/media\/1742"}],"wp:attachment":[{"href":"https:\/\/www.cyframe.xyz\/es\/wp-json\/wp\/v2\/media?parent=1741"}],"curies":[{"name":"wp","href":"https:\/\/api.w.org\/{rel}","templated":true}]}}